{"id":45663,"date":"2025-03-18T20:09:45","date_gmt":"2025-03-19T00:09:45","guid":{"rendered":"https:\/\/rett.ca\/conditions-generales\/"},"modified":"2025-09-18T21:36:17","modified_gmt":"2025-09-19T01:36:17","slug":"conditions-generales","status":"publish","type":"page","link":"https:\/\/rett.ca\/fr\/conditions-generales\/","title":{"rendered":"Conditions g\u00e9n\u00e9rales"},"content":{"rendered":"\t\t<div data-elementor-type=\"wp-page\" data-elementor-id=\"45663\" class=\"elementor elementor-45663 elementor-43383\" data-elementor-settings=\"{&quot;ha_cmc_init_switcher&quot;:&quot;no&quot;}\" data-elementor-post-type=\"page\">\n\t\t\t\t<div class=\"elementor-element elementor-element-7d2826b e-con-full e-flex e-con e-parent\" data-id=\"7d2826b\" data-element_type=\"container\" data-e-type=\"container\" data-settings=\"{&quot;_ha_eqh_enable&quot;:false}\">\n\t\t\t\t<div class=\"elementor-element elementor-element-d11f052 elementor-widget elementor-widget-heading\" data-id=\"d11f052\" data-element_type=\"widget\" data-e-type=\"widget\" data-widget_type=\"heading.default\">\n\t\t\t\t<div class=\"elementor-widget-container\">\n\t\t\t\t\t<span class=\"elementor-heading-title elementor-size-default\">Conditions g\u00e9n\u00e9rales<\/span>\t\t\t\t<\/div>\n\t\t\t\t<\/div>\n\t\t\t\t<\/div>\n\t\t<div class=\"elementor-element elementor-element-decae74 e-con-full e-flex e-con e-parent\" data-id=\"decae74\" data-element_type=\"container\" data-e-type=\"container\" data-settings=\"{&quot;_ha_eqh_enable&quot;:false}\">\n\t\t\t\t<div class=\"elementor-element elementor-element-2085329 elementor-widget elementor-widget-text-editor\" data-id=\"2085329\" data-element_type=\"widget\" data-e-type=\"widget\" data-widget_type=\"text-editor.default\">\n\t\t\t\t<div class=\"elementor-widget-container\">\n\t\t\t\t\t\t\t\t\t<p data-pm-slice=\"1 1 []\">Bienvenue \u00e0 l&#8217;Association du syndrome de Rett de l&#8217;Ontario du Canada !<\/p><p>Ces Conditions g\u00e9n\u00e9rales d\u00e9finissent les r\u00e8gles et r\u00e9glementations pour l&#8217;utilisation de notre site web, situ\u00e9 \u00e0 l&#8217;adresse <a>www.rett.ca<\/a>. En acc\u00e9dant \u00e0 ce site web, vous acceptez pleinement ces Conditions g\u00e9n\u00e9rales. Veuillez ne pas continuer \u00e0 utiliser le site web de l&#8217;Association du syndrome de Rett de l&#8217;Ontario du Canada si vous n&#8217;acceptez pas tous les termes et conditions \u00e9nonc\u00e9s sur cette page.  <\/p>\t\t\t\t\t\t\t\t<\/div>\n\t\t\t\t<\/div>\n\t\t\t\t<div class=\"elementor-element elementor-element-335a26e elementor-widget elementor-widget-text-editor\" data-id=\"335a26e\" data-element_type=\"widget\" data-e-type=\"widget\" data-widget_type=\"text-editor.default\">\n\t\t\t\t<div class=\"elementor-widget-container\">\n\t\t\t\t\t\t\t\t\t<h3><strong>1. Acceptation des conditions<\/strong><\/h3><p>En utilisant ce site web, vous acceptez de vous conformer \u00e0 ces Conditions g\u00e9n\u00e9rales et d&#8217;\u00eatre li\u00e9 par celles-ci. Nous nous r\u00e9servons le droit de mettre \u00e0 jour, modifier ou remplacer toute partie de ces Conditions g\u00e9n\u00e9rales sans pr\u00e9avis. <\/p>\t\t\t\t\t\t\t\t<\/div>\n\t\t\t\t<\/div>\n\t\t\t\t<div class=\"elementor-element elementor-element-9405362 elementor-widget elementor-widget-text-editor\" data-id=\"9405362\" data-element_type=\"widget\" data-e-type=\"widget\" data-widget_type=\"text-editor.default\">\n\t\t\t\t<div class=\"elementor-widget-container\">\n\t\t\t\t\t\t\t\t\t<h3><strong>2. Utilisation du site web<\/strong><\/h3><ul data-spread=\"false\"><li>Vous ne pouvez utiliser ce site web qu&#8217;\u00e0 des fins l\u00e9gales.<\/li><li>Vous ne devez pas utiliser abusivement ou endommager le site web de quelque mani\u00e8re que ce soit.<\/li><li>L&#8217;utilisation non autoris\u00e9e de ce site web peut donner lieu \u00e0 une demande de dommages et int\u00e9r\u00eats et\/ou constituer une infraction p\u00e9nale.<\/li><\/ul>\t\t\t\t\t\t\t\t<\/div>\n\t\t\t\t<\/div>\n\t\t\t\t<div class=\"elementor-element elementor-element-a440fc6 elementor-widget elementor-widget-text-editor\" data-id=\"a440fc6\" data-element_type=\"widget\" data-e-type=\"widget\" data-widget_type=\"text-editor.default\">\n\t\t\t\t<div class=\"elementor-widget-container\">\n\t\t\t\t\t\t\t\t\t<h3><strong>3. Dons et paiements<\/strong><\/h3><ul data-spread=\"false\"><li>Les dons effectu\u00e9s via ce site web sont volontaires et non remboursables.<\/li><li>Toutes les informations de paiement sont trait\u00e9es de mani\u00e8re s\u00e9curis\u00e9e par des processeurs de paiement tiers.<\/li><\/ul>\t\t\t\t\t\t\t\t<\/div>\n\t\t\t\t<\/div>\n\t\t\t\t<div class=\"elementor-element elementor-element-6957d02 elementor-widget elementor-widget-text-editor\" data-id=\"6957d02\" data-element_type=\"widget\" data-e-type=\"widget\" data-widget_type=\"text-editor.default\">\n\t\t\t\t<div class=\"elementor-widget-container\">\n\t\t\t\t\t\t\t\t\t<h3><strong>4. Droits de propri\u00e9t\u00e9 intellectuelle<\/strong><\/h3><ul data-spread=\"false\"><li>Le contenu, le logo, les images et autres mat\u00e9riels affich\u00e9s sur ce site web sont la propri\u00e9t\u00e9 de l&#8217;Association du syndrome de Rett de l&#8217;Ontario du Canada, sauf indication contraire.<\/li><li>Vous ne pouvez pas copier, reproduire, republier ou distribuer tout contenu du site web sans consentement \u00e9crit pr\u00e9alable.<\/li><\/ul>\t\t\t\t\t\t\t\t<\/div>\n\t\t\t\t<\/div>\n\t\t\t\t<div class=\"elementor-element elementor-element-561a4da elementor-widget elementor-widget-text-editor\" data-id=\"561a4da\" data-element_type=\"widget\" data-e-type=\"widget\" data-widget_type=\"text-editor.default\">\n\t\t\t\t<div class=\"elementor-widget-container\">\n\t\t\t\t\t\t\t\t\t<h3><strong>5. Liens vers des sites tiers<\/strong><\/h3><p>Notre site web peut contenir des liens vers des sites web tiers. Ces liens sont fournis pour votre commodit\u00e9. Nous n&#8217;avons aucun contr\u00f4le sur le contenu de ces sites web externes et n&#8217;assumons aucune responsabilit\u00e9 \u00e0 leur \u00e9gard.  <\/p>\t\t\t\t\t\t\t\t<\/div>\n\t\t\t\t<\/div>\n\t\t\t\t<div class=\"elementor-element elementor-element-33cc2be elementor-widget elementor-widget-text-editor\" data-id=\"33cc2be\" data-element_type=\"widget\" data-e-type=\"widget\" data-widget_type=\"text-editor.default\">\n\t\t\t\t<div class=\"elementor-widget-container\">\n\t\t\t\t\t\t\t\t\t<h3><strong>6. Politique de confidentialit\u00e9<\/strong><\/h3><p>Votre utilisation de ce site web est \u00e9galement r\u00e9gie par notre Politique de confidentialit\u00e9, qui explique comment nous collectons, utilisons et prot\u00e9geons vos informations personnelles. Veuillez la lire attentivement. <\/p>\t\t\t\t\t\t\t\t<\/div>\n\t\t\t\t<\/div>\n\t\t\t\t<div class=\"elementor-element elementor-element-b147998 elementor-widget elementor-widget-text-editor\" data-id=\"b147998\" data-element_type=\"widget\" data-e-type=\"widget\" data-widget_type=\"text-editor.default\">\n\t\t\t\t<div class=\"elementor-widget-container\">\n\t\t\t\t\t\t\t\t\t<h3><strong>7. Limitation de responsabilit\u00e9<\/strong><\/h3><p>L&#8217;Association du syndrome de Rett de l&#8217;Ontario du Canada ne peut \u00eatre tenue responsable de tout dommage r\u00e9sultant de votre utilisation ou de votre incapacit\u00e9 \u00e0 utiliser le site web, y compris, mais sans s&#8217;y limiter, les dommages directs, indirects, accessoires ou cons\u00e9cutifs.<\/p>\t\t\t\t\t\t\t\t<\/div>\n\t\t\t\t<\/div>\n\t\t\t\t<div class=\"elementor-element elementor-element-e6dbb17 elementor-widget elementor-widget-text-editor\" data-id=\"e6dbb17\" data-element_type=\"widget\" data-e-type=\"widget\" data-widget_type=\"text-editor.default\">\n\t\t\t\t<div class=\"elementor-widget-container\">\n\t\t\t\t\t\t\t\t\t<h3><strong>8. Loi applicable<\/strong><\/h3><p>Ces Conditions g\u00e9n\u00e9rales sont r\u00e9gies et interpr\u00e9t\u00e9es conform\u00e9ment aux lois de la province de l&#8217;Ontario, au Canada. Tout litige d\u00e9coulant de ces conditions sera soumis \u00e0 la juridiction exclusive des tribunaux de l&#8217;Ontario. Les utilisateurs acc\u00e9dant au site web dans le monde entier acceptent de se conformer \u00e0 toutes les lois locales applicables.  <\/p>\t\t\t\t\t\t\t\t<\/div>\n\t\t\t\t<\/div>\n\t\t\t\t<div class=\"elementor-element elementor-element-daac5b1 elementor-widget elementor-widget-text-editor\" data-id=\"daac5b1\" data-element_type=\"widget\" data-e-type=\"widget\" data-widget_type=\"text-editor.default\">\n\t\t\t\t<div class=\"elementor-widget-container\">\n\t\t\t\t\t\t\t\t\t<h3><strong>9. Nous contacter<\/strong><\/h3><p>Si vous avez des questions concernant ces Conditions g\u00e9n\u00e9rales, vous pouvez nous contacter \u00e0 :<\/p>\t\t\t\t\t\t\t\t<\/div>\n\t\t\t\t<\/div>\n\t\t\t\t<div class=\"elementor-element elementor-element-fb43d2d elementor-widget elementor-widget-text-editor\" data-id=\"fb43d2d\" data-element_type=\"widget\" data-e-type=\"widget\" data-widget_type=\"text-editor.default\">\n\t\t\t\t<div class=\"elementor-widget-container\">\n\t\t\t\t\t\t\t\t\t<p style=\"text-align: center;\"><strong>Association du syndrome de Rett de l&#8217;Ontario du Canada<\/strong><\/p><div><p style=\"text-align: center;\">P.O. Box 50030<br>London, Ontario<br>N6A 6H8 Canada<\/p><p style=\"text-align: center;\">Courriel : info@rett.ca<br>T\u00e9l\u00e9phone : 519-474-6877<\/p><\/div><p>Merci de soutenir l&#8217;Association du syndrome de Rett de l&#8217;Ontario du Canada !<\/p>\t\t\t\t\t\t\t\t<\/div>\n\t\t\t\t<\/div>\n\t\t\t\t<\/div>\n\t\t\t\t<\/div>\n\t\t","protected":false},"excerpt":{"rendered":"<p>Conditions g\u00e9n\u00e9rales Bienvenue \u00e0 l&#8217;Association du syndrome de Rett de l&#8217;Ontario du Canada ! Ces Conditions g\u00e9n\u00e9rales d\u00e9finissent les r\u00e8gles et r\u00e9glementations pour l&#8217;utilisation de notre site web, situ\u00e9 \u00e0 l&#8217;adresse www.rett.ca. En acc\u00e9dant \u00e0 ce site web, vous acceptez pleinement ces Conditions g\u00e9n\u00e9rales. Veuillez ne pas continuer \u00e0 utiliser le site web de l&#8217;Association [&hellip;]<\/p>\n","protected":false},"author":1,"featured_media":0,"parent":0,"menu_order":0,"comment_status":"closed","ping_status":"closed","template":"","meta":{"footnotes":""},"class_list":["post-45663","page","type-page","status-publish","hentry"],"yoast_head":"<!-- This site is optimized with the Yoast SEO plugin v27.0 - https:\/\/yoast.com\/product\/yoast-seo-wordpress\/ -->\n<title>Conditions g\u00e9n\u00e9rales - Ontario Rett Syndrome Association<\/title>\n<meta name=\"robots\" content=\"index, follow, max-snippet:-1, max-image-preview:large, max-video-preview:-1\" \/>\n<link rel=\"canonical\" href=\"https:\/\/rett.ca\/fr\/conditions-generales\/\" \/>\n<meta property=\"og:locale\" content=\"fr_FR\" \/>\n<meta property=\"og:type\" content=\"article\" \/>\n<meta property=\"og:title\" content=\"Conditions g\u00e9n\u00e9rales - Ontario Rett Syndrome Association\" \/>\n<meta property=\"og:description\" content=\"Conditions g\u00e9n\u00e9rales Bienvenue \u00e0 l&#8217;Association du syndrome de Rett de l&#8217;Ontario du Canada ! Ces Conditions g\u00e9n\u00e9rales d\u00e9finissent les r\u00e8gles et r\u00e9glementations pour l&#8217;utilisation de notre site web, situ\u00e9 \u00e0 l&#8217;adresse www.rett.ca. En acc\u00e9dant \u00e0 ce site web, vous acceptez pleinement ces Conditions g\u00e9n\u00e9rales. Veuillez ne pas continuer \u00e0 utiliser le site web de l&#8217;Association [&hellip;]\" \/>\n<meta property=\"og:url\" content=\"https:\/\/rett.ca\/fr\/conditions-generales\/\" \/>\n<meta property=\"og:site_name\" content=\"Ontario Rett Syndrome Association\" \/>\n<meta property=\"article:publisher\" content=\"https:\/\/www.facebook.com\/OntarioRettSyndromeAssociation\" \/>\n<meta property=\"article:modified_time\" content=\"2025-09-19T01:36:17+00:00\" \/>\n<meta name=\"twitter:card\" content=\"summary_large_image\" \/>\n<meta name=\"twitter:site\" content=\"@OntarioRettSA\" \/>\n<meta name=\"twitter:label1\" content=\"Dur\u00e9e de lecture estim\u00e9e\" \/>\n\t<meta name=\"twitter:data1\" content=\"3 minutes\" \/>\n<script type=\"application\/ld+json\" class=\"yoast-schema-graph\">{\"@context\":\"https:\/\/schema.org\",\"@graph\":[{\"@type\":\"WebPage\",\"@id\":\"https:\/\/rett.ca\/fr\/conditions-generales\/\",\"url\":\"https:\/\/rett.ca\/fr\/conditions-generales\/\",\"name\":\"Conditions g\u00e9n\u00e9rales - Ontario Rett Syndrome Association\",\"isPartOf\":{\"@id\":\"https:\/\/rett.ca\/fr\/#website\"},\"datePublished\":\"2025-03-19T00:09:45+00:00\",\"dateModified\":\"2025-09-19T01:36:17+00:00\",\"breadcrumb\":{\"@id\":\"https:\/\/rett.ca\/fr\/conditions-generales\/#breadcrumb\"},\"inLanguage\":\"fr-FR\",\"potentialAction\":[{\"@type\":\"ReadAction\",\"target\":[\"https:\/\/rett.ca\/fr\/conditions-generales\/\"]}]},{\"@type\":\"BreadcrumbList\",\"@id\":\"https:\/\/rett.ca\/fr\/conditions-generales\/#breadcrumb\",\"itemListElement\":[{\"@type\":\"ListItem\",\"position\":1,\"name\":\"Home\",\"item\":\"https:\/\/rett.ca\/fr\/accueil\/\"},{\"@type\":\"ListItem\",\"position\":2,\"name\":\"Conditions g\u00e9n\u00e9rales\"}]},{\"@type\":\"WebSite\",\"@id\":\"https:\/\/rett.ca\/fr\/#website\",\"url\":\"https:\/\/rett.ca\/fr\/\",\"name\":\"Ontario Rett Syndrome Association of Canada\",\"description\":\"\",\"publisher\":{\"@id\":\"https:\/\/rett.ca\/fr\/#organization\"},\"potentialAction\":[{\"@type\":\"SearchAction\",\"target\":{\"@type\":\"EntryPoint\",\"urlTemplate\":\"https:\/\/rett.ca\/fr\/?s={search_term_string}\"},\"query-input\":{\"@type\":\"PropertyValueSpecification\",\"valueRequired\":true,\"valueName\":\"search_term_string\"}}],\"inLanguage\":\"fr-FR\"},{\"@type\":\"Organization\",\"@id\":\"https:\/\/rett.ca\/fr\/#organization\",\"name\":\"Ontario Rett Syndrome Association of Canada\",\"url\":\"https:\/\/rett.ca\/fr\/\",\"logo\":{\"@type\":\"ImageObject\",\"inLanguage\":\"fr-FR\",\"@id\":\"https:\/\/rett.ca\/fr\/#\/schema\/logo\/image\/\",\"url\":\"https:\/\/rett.ca\/wp-content\/uploads\/ORSA_35Years_Colour-scaled.png\",\"contentUrl\":\"https:\/\/rett.ca\/wp-content\/uploads\/ORSA_35Years_Colour-scaled.png\",\"width\":2560,\"height\":1340,\"caption\":\"Ontario Rett Syndrome Association of Canada\"},\"image\":{\"@id\":\"https:\/\/rett.ca\/fr\/#\/schema\/logo\/image\/\"},\"sameAs\":[\"https:\/\/www.facebook.com\/OntarioRettSyndromeAssociation\",\"https:\/\/x.com\/OntarioRettSA\",\"https:\/\/www.instagram.com\/ontrettsyndromeassociation\/\",\"https:\/\/www.linkedin.com\/company\/ontario-rett-syndrome-association\",\"http:\/\/www.youtube.com\/@ORSAofficial\"]}]}<\/script>\n<!-- \/ Yoast SEO plugin. -->","yoast_head_json":{"title":"Conditions g\u00e9n\u00e9rales - Ontario Rett Syndrome Association","robots":{"index":"index","follow":"follow","max-snippet":"max-snippet:-1","max-image-preview":"max-image-preview:large","max-video-preview":"max-video-preview:-1"},"canonical":"https:\/\/rett.ca\/fr\/conditions-generales\/","og_locale":"fr_FR","og_type":"article","og_title":"Conditions g\u00e9n\u00e9rales - Ontario Rett Syndrome Association","og_description":"Conditions g\u00e9n\u00e9rales Bienvenue \u00e0 l&#8217;Association du syndrome de Rett de l&#8217;Ontario du Canada ! Ces Conditions g\u00e9n\u00e9rales d\u00e9finissent les r\u00e8gles et r\u00e9glementations pour l&#8217;utilisation de notre site web, situ\u00e9 \u00e0 l&#8217;adresse www.rett.ca. En acc\u00e9dant \u00e0 ce site web, vous acceptez pleinement ces Conditions g\u00e9n\u00e9rales. Veuillez ne pas continuer \u00e0 utiliser le site web de l&#8217;Association [&hellip;]","og_url":"https:\/\/rett.ca\/fr\/conditions-generales\/","og_site_name":"Ontario Rett Syndrome Association","article_publisher":"https:\/\/www.facebook.com\/OntarioRettSyndromeAssociation","article_modified_time":"2025-09-19T01:36:17+00:00","twitter_card":"summary_large_image","twitter_site":"@OntarioRettSA","twitter_misc":{"Dur\u00e9e de lecture estim\u00e9e":"3 minutes"},"schema":{"@context":"https:\/\/schema.org","@graph":[{"@type":"WebPage","@id":"https:\/\/rett.ca\/fr\/conditions-generales\/","url":"https:\/\/rett.ca\/fr\/conditions-generales\/","name":"Conditions g\u00e9n\u00e9rales - Ontario Rett Syndrome Association","isPartOf":{"@id":"https:\/\/rett.ca\/fr\/#website"},"datePublished":"2025-03-19T00:09:45+00:00","dateModified":"2025-09-19T01:36:17+00:00","breadcrumb":{"@id":"https:\/\/rett.ca\/fr\/conditions-generales\/#breadcrumb"},"inLanguage":"fr-FR","potentialAction":[{"@type":"ReadAction","target":["https:\/\/rett.ca\/fr\/conditions-generales\/"]}]},{"@type":"BreadcrumbList","@id":"https:\/\/rett.ca\/fr\/conditions-generales\/#breadcrumb","itemListElement":[{"@type":"ListItem","position":1,"name":"Home","item":"https:\/\/rett.ca\/fr\/accueil\/"},{"@type":"ListItem","position":2,"name":"Conditions g\u00e9n\u00e9rales"}]},{"@type":"WebSite","@id":"https:\/\/rett.ca\/fr\/#website","url":"https:\/\/rett.ca\/fr\/","name":"Ontario Rett Syndrome Association of Canada","description":"","publisher":{"@id":"https:\/\/rett.ca\/fr\/#organization"},"potentialAction":[{"@type":"SearchAction","target":{"@type":"EntryPoint","urlTemplate":"https:\/\/rett.ca\/fr\/?s={search_term_string}"},"query-input":{"@type":"PropertyValueSpecification","valueRequired":true,"valueName":"search_term_string"}}],"inLanguage":"fr-FR"},{"@type":"Organization","@id":"https:\/\/rett.ca\/fr\/#organization","name":"Ontario Rett Syndrome Association of Canada","url":"https:\/\/rett.ca\/fr\/","logo":{"@type":"ImageObject","inLanguage":"fr-FR","@id":"https:\/\/rett.ca\/fr\/#\/schema\/logo\/image\/","url":"https:\/\/rett.ca\/wp-content\/uploads\/ORSA_35Years_Colour-scaled.png","contentUrl":"https:\/\/rett.ca\/wp-content\/uploads\/ORSA_35Years_Colour-scaled.png","width":2560,"height":1340,"caption":"Ontario Rett Syndrome Association of Canada"},"image":{"@id":"https:\/\/rett.ca\/fr\/#\/schema\/logo\/image\/"},"sameAs":["https:\/\/www.facebook.com\/OntarioRettSyndromeAssociation","https:\/\/x.com\/OntarioRettSA","https:\/\/www.instagram.com\/ontrettsyndromeassociation\/","https:\/\/www.linkedin.com\/company\/ontario-rett-syndrome-association","http:\/\/www.youtube.com\/@ORSAofficial"]}]}},"jetpack_sharing_enabled":true,"publishpress_future_action":{"enabled":false,"date":"2026-03-16 22:23:02","action":"change-status","newStatus":"draft","terms":[],"taxonomy":"translation_priority","extraData":[]},"publishpress_future_workflow_manual_trigger":{"enabledWorkflows":[]},"_links":{"self":[{"href":"https:\/\/rett.ca\/fr\/wp-json\/wp\/v2\/pages\/45663","targetHints":{"allow":["GET"]}}],"collection":[{"href":"https:\/\/rett.ca\/fr\/wp-json\/wp\/v2\/pages"}],"about":[{"href":"https:\/\/rett.ca\/fr\/wp-json\/wp\/v2\/types\/page"}],"author":[{"embeddable":true,"href":"https:\/\/rett.ca\/fr\/wp-json\/wp\/v2\/users\/1"}],"replies":[{"embeddable":true,"href":"https:\/\/rett.ca\/fr\/wp-json\/wp\/v2\/comments?post=45663"}],"version-history":[{"count":1,"href":"https:\/\/rett.ca\/fr\/wp-json\/wp\/v2\/pages\/45663\/revisions"}],"predecessor-version":[{"id":45664,"href":"https:\/\/rett.ca\/fr\/wp-json\/wp\/v2\/pages\/45663\/revisions\/45664"}],"wp:attachment":[{"href":"https:\/\/rett.ca\/fr\/wp-json\/wp\/v2\/media?parent=45663"}],"curies":[{"name":"wp","href":"https:\/\/api.w.org\/{rel}","templated":true}]}}