{"id":45658,"date":"2025-03-25T04:03:00","date_gmt":"2025-03-25T08:03:00","guid":{"rendered":"https:\/\/rett.ca\/sensibilisation-illumination\/emplacements-dillumination-en-ontario-en-2022\/"},"modified":"2025-09-18T21:36:17","modified_gmt":"2025-09-19T01:36:17","slug":"emplacements-dillumination-en-ontario-en-2022","status":"publish","type":"page","link":"https:\/\/rett.ca\/fr\/sensibilisation-illumination\/emplacements-dillumination-en-ontario-en-2022\/","title":{"rendered":"Emplacements d&#8217;illumination en Ontario en 2022"},"content":{"rendered":"\t\t<div data-elementor-type=\"wp-page\" data-elementor-id=\"45658\" class=\"elementor elementor-45658 elementor-43799\" data-elementor-settings=\"{&quot;ha_cmc_init_switcher&quot;:&quot;no&quot;}\" data-elementor-post-type=\"page\">\n\t\t\t\t<div class=\"elementor-element elementor-element-9cdf3fa e-flex e-con-boxed e-con e-parent\" data-id=\"9cdf3fa\" data-element_type=\"container\" data-e-type=\"container\" data-settings=\"{&quot;_ha_eqh_enable&quot;:false}\">\n\t\t\t\t\t<div class=\"e-con-inner\">\n\t\t\t\t<div class=\"elementor-element elementor-element-2bc3751 elementor-widget__width-inherit elementor-hidden-mobile elementor-invisible elementor-widget elementor-widget-heading\" data-id=\"2bc3751\" data-element_type=\"widget\" data-e-type=\"widget\" data-settings=\"{&quot;_animation&quot;:&quot;fadeInLeft&quot;}\" data-widget_type=\"heading.default\">\n\t\t\t\t<div class=\"elementor-widget-container\">\n\t\t\t\t\t<h1 class=\"elementor-heading-title elementor-size-default\">Emplacements d'illumination en Ontario en 2022<\/h1>\t\t\t\t<\/div>\n\t\t\t\t<\/div>\n\t\t\t\t<div class=\"elementor-element elementor-element-a0483a4 elementor-widget__width-inherit elementor-hidden-desktop elementor-hidden-tablet elementor-invisible elementor-widget elementor-widget-heading\" data-id=\"a0483a4\" data-element_type=\"widget\" data-e-type=\"widget\" data-settings=\"{&quot;_animation&quot;:&quot;fadeInLeft&quot;}\" data-widget_type=\"heading.default\">\n\t\t\t\t<div class=\"elementor-widget-container\">\n\t\t\t\t\t<h1 class=\"elementor-heading-title elementor-size-default\">Emplacements d'illumination en Ontario en 2022<\/h1>\t\t\t\t<\/div>\n\t\t\t\t<\/div>\n\t\t\t\t\t<\/div>\n\t\t\t\t<\/div>\n\t\t<div class=\"elementor-element elementor-element-a983afe e-flex e-con-boxed e-con e-parent\" data-id=\"a983afe\" data-element_type=\"container\" data-e-type=\"container\" data-settings=\"{&quot;_ha_eqh_enable&quot;:false}\">\n\t\t\t\t\t<div class=\"e-con-inner\">\n\t\t\t\t<div class=\"elementor-element elementor-element-c7473b3 elementor-widget elementor-widget-text-editor\" data-id=\"c7473b3\" data-element_type=\"widget\" data-e-type=\"widget\" data-widget_type=\"text-editor.default\">\n\t\t\t\t<div class=\"elementor-widget-container\">\n\t\t\t\t\t\t\t\t\t<p class=\"\" data-start=\"58\" data-end=\"445\">Le <strong data-start=\"110\" data-end=\"126\">29 octobre<\/strong>, des monuments, des entreprises, des municipalit\u00e9s et des bureaux r\u00e9gionaux \u00e0 travers le Canada illumineront leurs espaces en <strong data-start=\"233\" data-end=\"243\">violet<\/strong> pour montrer leur soutien \u00e0 la <strong data-start=\"264\" data-end=\"295\" data-is-only-node=\"\">Journ\u00e9e de sensibilisation au syndrome de Rett<\/strong>. Cette puissante d\u00e9monstration de solidarit\u00e9 aide \u00e0 sensibiliser, \u00e0 susciter des conversations et \u00e0 honorer les personnes et les familles touch\u00e9es par le syndrome de Rett. <\/p><p class=\"\" data-start=\"447\" data-end=\"566\">Nous sommes reconnaissants envers les emplacements suivants pour leur participation cette ann\u00e9e et pour nous aider \u00e0 mettre en lumi\u00e8re le syndrome de Rett.<\/p>\t\t\t\t\t\t\t\t<\/div>\n\t\t\t\t<\/div>\n\t\t\t\t\t<\/div>\n\t\t\t\t<\/div>\n\t\t<div class=\"elementor-element elementor-element-136d682 e-flex e-con-boxed e-con e-parent\" data-id=\"136d682\" data-element_type=\"container\" data-e-type=\"container\" data-settings=\"{&quot;_ha_eqh_enable&quot;:false}\">\n\t\t\t\t\t<div class=\"e-con-inner\">\n\t\t\t\t<div class=\"elementor-element elementor-element-5f34192 elementor-widget__width-initial elementor-widget elementor-widget-text-editor\" data-id=\"5f34192\" data-element_type=\"widget\" data-e-type=\"widget\" data-widget_type=\"text-editor.default\">\n\t\t\t\t<div class=\"elementor-widget-container\">\n\t\t\t\t\t\t\t\t\t<ol class=\"wp-block-list\">\n<li><strong>Burlington, Ontario \u2013 29 octobre<\/strong>\n<ul>\n<li>Jet\u00e9e de Burlington \u2013 <em>(1400 Lakeshore Rd, Burlington, ON L7S 1Y2)<\/em>&nbsp;<\/li>\n<\/ul>\n<\/li>\n<li><strong>Guelph, Ontario \u2013 28 \u2013 30 octobre<\/strong>\n<ul>\n<li>Place du march\u00e9<strong>&nbsp;<\/strong><em>(62-2, Carden St, Guelph, ON N1H 3A2)<\/em>\n<ul>\n<li><em><a href=\"https:\/\/guelph.ca\/living\/arts-and-culture\/market-square-2\/\">Diffusion en direct<\/a><\/em><\/li>\n<\/ul>\n<\/li>\n<\/ul>\n<\/li>\n<li><strong>Hamilton, Ontario \u2013 28 \u2013 30 octobre<\/strong>\n<ul>\n<li>Enseigne 3D de Hamilton \u2013 H\u00f4tel de ville <em>(71 Main St W, Hamilton, ON L8P 4Y5)<\/em>&nbsp;<\/li>\n<li>H\u00f4pital pour enfants McMaster <em>(1200 Main St W, Hamilton, ON L8N 3Z5)<\/em><strong>&nbsp;<\/strong>&nbsp;<\/li>\n<\/ul>\n<\/li>\n<li><strong>Kingston, Ontario \u2013 29 octobre<\/strong>\n<ul>\n<li>H\u00f4tel de ville<em> (216 Ontario St, Kingston, ON K7L 2Z3)<\/em>\n<ul>\n<li>&nbsp;<em><a href=\"https:\/\/www.cityofkingston.ca\/explore\/webcams\/springer-market-square\">Diffusion en direct<\/a><\/em><\/li>\n<\/ul>\n<\/li>\n<\/ul>\n<\/li>\n<li><strong>London, Ontario \u2013 28-30 octobre<\/strong>\n<ul>\n<li>H\u00f4tel de ville <em>(300 Dufferin Ave, London, ON N6B 1Z2)<\/em>&nbsp;<\/li>\n<li>\u00c9difice JA Taylor <em>(267 Dundas St, London, ON N6A 1H2)<\/em>&nbsp;<\/li>\n<\/ul>\n<ul>\n<li>Sifton Properties <em>(195 Dufferin Ave, London, ON N6A 4K1)<\/em>&nbsp;<\/li>\n<li>RBC Place, London \u2013 <em>(300 York St, London, ON N6B 1P8)<\/em>&nbsp;<\/li>\n<\/ul>\n<\/li>\n<li><strong>Mississauga, Ontario \u2013 29 octobre&nbsp;<\/strong>\n<ul>\n<li>Tour de l&#8217;horloge du centre civique<strong> <\/strong><em>(<\/em>300 City Centre Dr, Mississauga, ON L5B 3C1)<\/li>\n<li><a href=\"https:\/\/www.mississauga.ca\/events-and-attractions\/civic-centre-and-celebration-square-webcams\/\">Diffusion en direct&nbsp;<\/a><\/li>\n<\/ul>\n<\/li>\n<li><strong>Niagara Falls, Ontario \u2013 29 octobre<\/strong>\n<ul>\n<li>Pont de la paix de Niagara Falls<\/li>\n<li>Chutes du Niagara&nbsp;&nbsp;22h00-22h15\n<ul>\n<li><em><a href=\"https:\/\/www.earthcam.com\/canada\/niagarafalls\/?cam=niagarafalls_str\">Diffusion en direct<\/a>&nbsp;<\/em>&nbsp;<\/li>\n<\/ul>\n<\/li>\n<\/ul>\n<\/li>\n<li><strong>Ottawa, Ontario \u2013 30-31 octobre&nbsp;<\/strong>\n<ul>\n<li>Enseigne 3D d&#8217;Ottawa <em>(6 York St, Ottawa, ON, K1N 6Z6)<\/em>&nbsp;&nbsp;<\/li>\n<\/ul>\n<\/li>\n<li><strong>Toronto, Ontario \u2013 29 octobre<\/strong>\n<ul>\n<li>Enseigne 3D de Toronto <em>(100 Queen St W, Toronto, ON M5H 2N2)<\/em>&nbsp;<\/li>\n<\/ul>\n<ul>\n<li>Tour CN&nbsp;<em>(290 Bremner Blvd, Toronto, ON M5V 3L9)<\/em>\n<ul>\n<li><em><a href=\"https:\/\/www.cntower.ca\/en-ca\/home.html#earthcams\">Diffusion en direct<\/a>&nbsp;<\/em>&nbsp;<\/li>\n<\/ul>\n<\/li>\n<li>Aquarium Ripley&#8217;s du Canada <em>(288 Bremner Blvd, Toronto, ON M5V 3L9)<\/em>&nbsp;<\/li>\n<\/ul>\n<\/li>\n<li><strong>Welland, Ontario \u2013 29 octobre<\/strong>\n<ul>\n<li>Pont n\u00b0 13 <em>(60 E Main St, Welland, ON L3B 3X4)<\/em>&nbsp;<\/li><\/ul><\/li>\n<\/ol>\t\t\t\t\t\t\t\t<\/div>\n\t\t\t\t<\/div>\n\t\t\t\t\t<\/div>\n\t\t\t\t<\/div>\n\t\t\t\t<\/div>\n\t\t","protected":false},"excerpt":{"rendered":"<p>Emplacements d&#8217;illumination en Ontario en 2022 Emplacements d&#8217;illumination en Ontario en 2022 Le 29 octobre, des monuments, des entreprises, des municipalit\u00e9s et des bureaux r\u00e9gionaux \u00e0 travers le Canada illumineront leurs espaces en violet pour montrer leur soutien \u00e0 la Journ\u00e9e de sensibilisation au syndrome de Rett. Cette puissante d\u00e9monstration de solidarit\u00e9 aide \u00e0 sensibiliser, [&hellip;]<\/p>\n","protected":false},"author":1,"featured_media":0,"parent":45510,"menu_order":0,"comment_status":"closed","ping_status":"closed","template":"","meta":{"footnotes":""},"class_list":["post-45658","page","type-page","status-publish","hentry"],"yoast_head":"<!-- This site is optimized with the Yoast SEO plugin v27.2 - https:\/\/yoast.com\/product\/yoast-seo-wordpress\/ -->\n<title>Emplacements d&#039;illumination en Ontario en 2022 - Ontario Rett Syndrome Association<\/title>\n<meta name=\"robots\" content=\"index, follow, max-snippet:-1, max-image-preview:large, max-video-preview:-1\" \/>\n<link rel=\"canonical\" href=\"https:\/\/rett.ca\/fr\/sensibilisation-illumination\/emplacements-dillumination-en-ontario-en-2022\/\" \/>\n<meta property=\"og:locale\" content=\"fr_FR\" \/>\n<meta property=\"og:type\" content=\"article\" \/>\n<meta property=\"og:title\" content=\"Emplacements d&#039;illumination en Ontario en 2022 - Ontario Rett Syndrome Association\" \/>\n<meta property=\"og:description\" content=\"Emplacements d&#8217;illumination en Ontario en 2022 Emplacements d&#8217;illumination en Ontario en 2022 Le 29 octobre, des monuments, des entreprises, des municipalit\u00e9s et des bureaux r\u00e9gionaux \u00e0 travers le Canada illumineront leurs espaces en violet pour montrer leur soutien \u00e0 la Journ\u00e9e de sensibilisation au syndrome de Rett. Cette puissante d\u00e9monstration de solidarit\u00e9 aide \u00e0 sensibiliser, [&hellip;]\" \/>\n<meta property=\"og:url\" content=\"https:\/\/rett.ca\/fr\/sensibilisation-illumination\/emplacements-dillumination-en-ontario-en-2022\/\" \/>\n<meta property=\"og:site_name\" content=\"Ontario Rett Syndrome Association\" \/>\n<meta property=\"article:publisher\" content=\"https:\/\/www.facebook.com\/OntarioRettSyndromeAssociation\" \/>\n<meta property=\"article:modified_time\" content=\"2025-09-19T01:36:17+00:00\" \/>\n<meta name=\"twitter:card\" content=\"summary_large_image\" \/>\n<meta name=\"twitter:site\" content=\"@OntarioRettSA\" \/>\n<meta name=\"twitter:label1\" content=\"Dur\u00e9e de lecture estim\u00e9e\" \/>\n\t<meta name=\"twitter:data1\" content=\"2 minutes\" \/>\n<script type=\"application\/ld+json\" class=\"yoast-schema-graph\">{\"@context\":\"https:\/\/schema.org\",\"@graph\":[{\"@type\":\"WebPage\",\"@id\":\"https:\/\/rett.ca\/fr\/sensibilisation-illumination\/emplacements-dillumination-en-ontario-en-2022\/\",\"url\":\"https:\/\/rett.ca\/fr\/sensibilisation-illumination\/emplacements-dillumination-en-ontario-en-2022\/\",\"name\":\"Emplacements d'illumination en Ontario en 2022 - Ontario Rett Syndrome Association\",\"isPartOf\":{\"@id\":\"https:\/\/rett.ca\/fr\/#website\"},\"datePublished\":\"2025-03-25T08:03:00+00:00\",\"dateModified\":\"2025-09-19T01:36:17+00:00\",\"breadcrumb\":{\"@id\":\"https:\/\/rett.ca\/fr\/sensibilisation-illumination\/emplacements-dillumination-en-ontario-en-2022\/#breadcrumb\"},\"inLanguage\":\"fr-FR\",\"potentialAction\":[{\"@type\":\"ReadAction\",\"target\":[\"https:\/\/rett.ca\/fr\/sensibilisation-illumination\/emplacements-dillumination-en-ontario-en-2022\/\"]}]},{\"@type\":\"BreadcrumbList\",\"@id\":\"https:\/\/rett.ca\/fr\/sensibilisation-illumination\/emplacements-dillumination-en-ontario-en-2022\/#breadcrumb\",\"itemListElement\":[{\"@type\":\"ListItem\",\"position\":1,\"name\":\"Home\",\"item\":\"https:\/\/rett.ca\/fr\/accueil\/\"},{\"@type\":\"ListItem\",\"position\":2,\"name\":\"Sensibilisation &#8211; illumination\",\"item\":\"https:\/\/rett.ca\/fr\/sensibilisation-illumination\/\"},{\"@type\":\"ListItem\",\"position\":3,\"name\":\"Emplacements d&#8217;illumination en Ontario en 2022\"}]},{\"@type\":\"WebSite\",\"@id\":\"https:\/\/rett.ca\/fr\/#website\",\"url\":\"https:\/\/rett.ca\/fr\/\",\"name\":\"Ontario Rett Syndrome Association of Canada\",\"description\":\"\",\"publisher\":{\"@id\":\"https:\/\/rett.ca\/fr\/#organization\"},\"potentialAction\":[{\"@type\":\"SearchAction\",\"target\":{\"@type\":\"EntryPoint\",\"urlTemplate\":\"https:\/\/rett.ca\/fr\/?s={search_term_string}\"},\"query-input\":{\"@type\":\"PropertyValueSpecification\",\"valueRequired\":true,\"valueName\":\"search_term_string\"}}],\"inLanguage\":\"fr-FR\"},{\"@type\":\"Organization\",\"@id\":\"https:\/\/rett.ca\/fr\/#organization\",\"name\":\"Ontario Rett Syndrome Association of Canada\",\"url\":\"https:\/\/rett.ca\/fr\/\",\"logo\":{\"@type\":\"ImageObject\",\"inLanguage\":\"fr-FR\",\"@id\":\"https:\/\/rett.ca\/fr\/#\/schema\/logo\/image\/\",\"url\":\"https:\/\/rett.ca\/wp-content\/uploads\/ORSA_35Years_Colour-scaled.png\",\"contentUrl\":\"https:\/\/rett.ca\/wp-content\/uploads\/ORSA_35Years_Colour-scaled.png\",\"width\":2560,\"height\":1340,\"caption\":\"Ontario Rett Syndrome Association of Canada\"},\"image\":{\"@id\":\"https:\/\/rett.ca\/fr\/#\/schema\/logo\/image\/\"},\"sameAs\":[\"https:\/\/www.facebook.com\/OntarioRettSyndromeAssociation\",\"https:\/\/x.com\/OntarioRettSA\",\"https:\/\/www.instagram.com\/ontrettsyndromeassociation\/\",\"https:\/\/www.linkedin.com\/company\/ontario-rett-syndrome-association\",\"http:\/\/www.youtube.com\/@ORSAofficial\"]}]}<\/script>\n<!-- \/ Yoast SEO plugin. -->","yoast_head_json":{"title":"Emplacements d'illumination en Ontario en 2022 - Ontario Rett Syndrome Association","robots":{"index":"index","follow":"follow","max-snippet":"max-snippet:-1","max-image-preview":"max-image-preview:large","max-video-preview":"max-video-preview:-1"},"canonical":"https:\/\/rett.ca\/fr\/sensibilisation-illumination\/emplacements-dillumination-en-ontario-en-2022\/","og_locale":"fr_FR","og_type":"article","og_title":"Emplacements d'illumination en Ontario en 2022 - Ontario Rett Syndrome Association","og_description":"Emplacements d&#8217;illumination en Ontario en 2022 Emplacements d&#8217;illumination en Ontario en 2022 Le 29 octobre, des monuments, des entreprises, des municipalit\u00e9s et des bureaux r\u00e9gionaux \u00e0 travers le Canada illumineront leurs espaces en violet pour montrer leur soutien \u00e0 la Journ\u00e9e de sensibilisation au syndrome de Rett. Cette puissante d\u00e9monstration de solidarit\u00e9 aide \u00e0 sensibiliser, [&hellip;]","og_url":"https:\/\/rett.ca\/fr\/sensibilisation-illumination\/emplacements-dillumination-en-ontario-en-2022\/","og_site_name":"Ontario Rett Syndrome Association","article_publisher":"https:\/\/www.facebook.com\/OntarioRettSyndromeAssociation","article_modified_time":"2025-09-19T01:36:17+00:00","twitter_card":"summary_large_image","twitter_site":"@OntarioRettSA","twitter_misc":{"Dur\u00e9e de lecture estim\u00e9e":"2 minutes"},"schema":{"@context":"https:\/\/schema.org","@graph":[{"@type":"WebPage","@id":"https:\/\/rett.ca\/fr\/sensibilisation-illumination\/emplacements-dillumination-en-ontario-en-2022\/","url":"https:\/\/rett.ca\/fr\/sensibilisation-illumination\/emplacements-dillumination-en-ontario-en-2022\/","name":"Emplacements d'illumination en Ontario en 2022 - Ontario Rett Syndrome Association","isPartOf":{"@id":"https:\/\/rett.ca\/fr\/#website"},"datePublished":"2025-03-25T08:03:00+00:00","dateModified":"2025-09-19T01:36:17+00:00","breadcrumb":{"@id":"https:\/\/rett.ca\/fr\/sensibilisation-illumination\/emplacements-dillumination-en-ontario-en-2022\/#breadcrumb"},"inLanguage":"fr-FR","potentialAction":[{"@type":"ReadAction","target":["https:\/\/rett.ca\/fr\/sensibilisation-illumination\/emplacements-dillumination-en-ontario-en-2022\/"]}]},{"@type":"BreadcrumbList","@id":"https:\/\/rett.ca\/fr\/sensibilisation-illumination\/emplacements-dillumination-en-ontario-en-2022\/#breadcrumb","itemListElement":[{"@type":"ListItem","position":1,"name":"Home","item":"https:\/\/rett.ca\/fr\/accueil\/"},{"@type":"ListItem","position":2,"name":"Sensibilisation &#8211; illumination","item":"https:\/\/rett.ca\/fr\/sensibilisation-illumination\/"},{"@type":"ListItem","position":3,"name":"Emplacements d&#8217;illumination en Ontario en 2022"}]},{"@type":"WebSite","@id":"https:\/\/rett.ca\/fr\/#website","url":"https:\/\/rett.ca\/fr\/","name":"Ontario Rett Syndrome Association of Canada","description":"","publisher":{"@id":"https:\/\/rett.ca\/fr\/#organization"},"potentialAction":[{"@type":"SearchAction","target":{"@type":"EntryPoint","urlTemplate":"https:\/\/rett.ca\/fr\/?s={search_term_string}"},"query-input":{"@type":"PropertyValueSpecification","valueRequired":true,"valueName":"search_term_string"}}],"inLanguage":"fr-FR"},{"@type":"Organization","@id":"https:\/\/rett.ca\/fr\/#organization","name":"Ontario Rett Syndrome Association of Canada","url":"https:\/\/rett.ca\/fr\/","logo":{"@type":"ImageObject","inLanguage":"fr-FR","@id":"https:\/\/rett.ca\/fr\/#\/schema\/logo\/image\/","url":"https:\/\/rett.ca\/wp-content\/uploads\/ORSA_35Years_Colour-scaled.png","contentUrl":"https:\/\/rett.ca\/wp-content\/uploads\/ORSA_35Years_Colour-scaled.png","width":2560,"height":1340,"caption":"Ontario Rett Syndrome Association of Canada"},"image":{"@id":"https:\/\/rett.ca\/fr\/#\/schema\/logo\/image\/"},"sameAs":["https:\/\/www.facebook.com\/OntarioRettSyndromeAssociation","https:\/\/x.com\/OntarioRettSA","https:\/\/www.instagram.com\/ontrettsyndromeassociation\/","https:\/\/www.linkedin.com\/company\/ontario-rett-syndrome-association","http:\/\/www.youtube.com\/@ORSAofficial"]}]}},"jetpack_sharing_enabled":true,"publishpress_future_action":{"enabled":false,"date":"2026-05-11 05:24:23","action":"change-status","newStatus":"draft","terms":[],"taxonomy":"translation_priority","extraData":[]},"publishpress_future_workflow_manual_trigger":{"enabledWorkflows":[]},"_links":{"self":[{"href":"https:\/\/rett.ca\/fr\/wp-json\/wp\/v2\/pages\/45658","targetHints":{"allow":["GET"]}}],"collection":[{"href":"https:\/\/rett.ca\/fr\/wp-json\/wp\/v2\/pages"}],"about":[{"href":"https:\/\/rett.ca\/fr\/wp-json\/wp\/v2\/types\/page"}],"author":[{"embeddable":true,"href":"https:\/\/rett.ca\/fr\/wp-json\/wp\/v2\/users\/1"}],"replies":[{"embeddable":true,"href":"https:\/\/rett.ca\/fr\/wp-json\/wp\/v2\/comments?post=45658"}],"version-history":[{"count":1,"href":"https:\/\/rett.ca\/fr\/wp-json\/wp\/v2\/pages\/45658\/revisions"}],"predecessor-version":[{"id":45659,"href":"https:\/\/rett.ca\/fr\/wp-json\/wp\/v2\/pages\/45658\/revisions\/45659"}],"up":[{"embeddable":true,"href":"https:\/\/rett.ca\/fr\/wp-json\/wp\/v2\/pages\/45510"}],"wp:attachment":[{"href":"https:\/\/rett.ca\/fr\/wp-json\/wp\/v2\/media?parent=45658"}],"curies":[{"name":"wp","href":"https:\/\/api.w.org\/{rel}","templated":true}]}}