{"id":45518,"date":"2025-02-12T18:03:57","date_gmt":"2025-02-12T23:03:57","guid":{"rendered":"https:\/\/rett.ca\/soutien-aux-freres-et-soeurs\/"},"modified":"2025-09-18T21:33:29","modified_gmt":"2025-09-19T01:33:29","slug":"soutien-aux-freres-et-soeurs","status":"publish","type":"page","link":"https:\/\/rett.ca\/fr\/soutien-aux-freres-et-soeurs\/","title":{"rendered":"SOUTIEN AUX FR\u00c8RES ET S\u0152URS"},"content":{"rendered":"\t\t<div data-elementor-type=\"wp-page\" data-elementor-id=\"45518\" class=\"elementor elementor-45518 elementor-15836\" data-elementor-settings=\"{&quot;ha_cmc_init_switcher&quot;:&quot;no&quot;}\" data-elementor-post-type=\"page\">\n\t\t\t\t<div class=\"elementor-element elementor-element-9f3b811 e-flex e-con-boxed e-con e-parent\" data-id=\"9f3b811\" data-element_type=\"container\" data-e-type=\"container\" data-settings=\"{&quot;_ha_eqh_enable&quot;:false}\">\n\t\t\t\t\t<div class=\"e-con-inner\">\n\t\t\t\t<div class=\"elementor-element elementor-element-903bb7f elementor-invisible elementor-widget elementor-widget-heading\" data-id=\"903bb7f\" data-element_type=\"widget\" data-e-type=\"widget\" data-settings=\"{&quot;_animation&quot;:&quot;fadeInLeft&quot;}\" data-widget_type=\"heading.default\">\n\t\t\t\t<div class=\"elementor-widget-container\">\n\t\t\t\t\t<span class=\"elementor-heading-title elementor-size-default\">SOUTIEN AUX FR\u00c8RES ET S\u0152URS<\/span>\t\t\t\t<\/div>\n\t\t\t\t<\/div>\n\t\t\t\t\t<\/div>\n\t\t\t\t<\/div>\n\t\t<div class=\"elementor-element elementor-element-428645b e-con-full e-flex e-con e-parent\" data-id=\"428645b\" data-element_type=\"container\" data-e-type=\"container\" data-settings=\"{&quot;_ha_eqh_enable&quot;:false}\">\n\t\t\t\t<div class=\"elementor-element elementor-element-0d7dc3a elementor-position-left elementor-vertical-align-middle elementor-position-left elementor-invisible elementor-widget elementor-widget-image-box\" data-id=\"0d7dc3a\" data-element_type=\"widget\" data-e-type=\"widget\" data-settings=\"{&quot;_animation&quot;:&quot;fadeInRight&quot;}\" data-widget_type=\"image-box.default\">\n\t\t\t\t<div class=\"elementor-widget-container\">\n\t\t\t\t\t<div class=\"elementor-image-box-wrapper\"><figure class=\"elementor-image-box-img\"><a href=\"https:\/\/youngcaregivers.ca\/\" target=\"_blank\" tabindex=\"-1\"><img fetchpriority=\"high\" decoding=\"async\" width=\"1934\" height=\"700\" src=\"https:\/\/rett.ca\/wp-content\/uploads\/YoungCaregivers-Logo-PANTONE-675-and-7406-TM-1.png\" class=\"attachment-full size-full wp-image-45403\" alt=\"\" srcset=\"https:\/\/rett.ca\/wp-content\/uploads\/YoungCaregivers-Logo-PANTONE-675-and-7406-TM-1.png 1934w, https:\/\/rett.ca\/wp-content\/uploads\/YoungCaregivers-Logo-PANTONE-675-and-7406-TM-1-300x109.png 300w, https:\/\/rett.ca\/wp-content\/uploads\/YoungCaregivers-Logo-PANTONE-675-and-7406-TM-1-1024x371.png 1024w, https:\/\/rett.ca\/wp-content\/uploads\/YoungCaregivers-Logo-PANTONE-675-and-7406-TM-1-768x278.png 768w, https:\/\/rett.ca\/wp-content\/uploads\/YoungCaregivers-Logo-PANTONE-675-and-7406-TM-1-1536x556.png 1536w\" sizes=\"(max-width: 1934px) 100vw, 1934px\" \/><\/a><\/figure><div class=\"elementor-image-box-content\"><p class=\"elementor-image-box-description\">\u00c0 l'Association des jeunes aidants, leur vision est de voir un Canada o\u00f9 les JEUNES AIDANTS et leurs familles sont reconnus, soutenus et habilit\u00e9s \u00e0 atteindre leur plein potentiel. Visitez leur site web pour plus d'informations et de ressources. <\/p><\/div><\/div>\t\t\t\t<\/div>\n\t\t\t\t<\/div>\n\t\t\t\t<\/div>\n\t\t\t\t<\/div>\n\t\t","protected":false},"excerpt":{"rendered":"<p>SOUTIEN AUX FR\u00c8RES ET S\u0152URS \u00c0 l&#8217;Association des jeunes aidants, leur vision est de voir un Canada o\u00f9 les JEUNES AIDANTS et leurs familles sont reconnus, soutenus et habilit\u00e9s \u00e0 atteindre leur plein potentiel. Visitez leur site web pour plus d&#8217;informations et de ressources.<\/p>\n","protected":false},"author":1,"featured_media":0,"parent":0,"menu_order":0,"comment_status":"closed","ping_status":"closed","template":"","meta":{"footnotes":""},"class_list":["post-45518","page","type-page","status-publish","hentry"],"yoast_head":"<!-- This site is optimized with the Yoast SEO plugin v27.2 - https:\/\/yoast.com\/product\/yoast-seo-wordpress\/ -->\n<title>SOUTIEN AUX FR\u00c8RES ET S\u0152URS - Ontario Rett Syndrome Association<\/title>\n<meta name=\"robots\" content=\"index, follow, max-snippet:-1, max-image-preview:large, max-video-preview:-1\" \/>\n<link rel=\"canonical\" href=\"https:\/\/rett.ca\/fr\/soutien-aux-freres-et-soeurs\/\" \/>\n<meta property=\"og:locale\" content=\"fr_FR\" \/>\n<meta property=\"og:type\" content=\"article\" \/>\n<meta property=\"og:title\" content=\"SOUTIEN AUX FR\u00c8RES ET S\u0152URS - Ontario Rett Syndrome Association\" \/>\n<meta property=\"og:description\" content=\"SOUTIEN AUX FR\u00c8RES ET S\u0152URS \u00c0 l&#8217;Association des jeunes aidants, leur vision est de voir un Canada o\u00f9 les JEUNES AIDANTS et leurs familles sont reconnus, soutenus et habilit\u00e9s \u00e0 atteindre leur plein potentiel. Visitez leur site web pour plus d&#8217;informations et de ressources.\" \/>\n<meta property=\"og:url\" content=\"https:\/\/rett.ca\/fr\/soutien-aux-freres-et-soeurs\/\" \/>\n<meta property=\"og:site_name\" content=\"Ontario Rett Syndrome Association\" \/>\n<meta property=\"article:publisher\" content=\"https:\/\/www.facebook.com\/OntarioRettSyndromeAssociation\" \/>\n<meta property=\"article:modified_time\" content=\"2025-09-19T01:33:29+00:00\" \/>\n<meta property=\"og:image\" content=\"https:\/\/rett.ca\/wp-content\/uploads\/YoungCaregivers-Logo-PANTONE-675-and-7406-TM-1.png\" \/>\n\t<meta property=\"og:image:width\" content=\"1934\" \/>\n\t<meta property=\"og:image:height\" content=\"700\" \/>\n\t<meta property=\"og:image:type\" content=\"image\/png\" \/>\n<meta name=\"twitter:card\" content=\"summary_large_image\" \/>\n<meta name=\"twitter:site\" content=\"@OntarioRettSA\" \/>\n<script type=\"application\/ld+json\" class=\"yoast-schema-graph\">{\"@context\":\"https:\/\/schema.org\",\"@graph\":[{\"@type\":\"WebPage\",\"@id\":\"https:\/\/rett.ca\/fr\/soutien-aux-freres-et-soeurs\/\",\"url\":\"https:\/\/rett.ca\/fr\/soutien-aux-freres-et-soeurs\/\",\"name\":\"SOUTIEN AUX FR\u00c8RES ET S\u0152URS - Ontario Rett Syndrome Association\",\"isPartOf\":{\"@id\":\"https:\/\/rett.ca\/fr\/#website\"},\"primaryImageOfPage\":{\"@id\":\"https:\/\/rett.ca\/fr\/soutien-aux-freres-et-soeurs\/#primaryimage\"},\"image\":{\"@id\":\"https:\/\/rett.ca\/fr\/soutien-aux-freres-et-soeurs\/#primaryimage\"},\"thumbnailUrl\":\"https:\/\/rett.ca\/wp-content\/uploads\/YoungCaregivers-Logo-PANTONE-675-and-7406-TM-1.png\",\"datePublished\":\"2025-02-12T23:03:57+00:00\",\"dateModified\":\"2025-09-19T01:33:29+00:00\",\"breadcrumb\":{\"@id\":\"https:\/\/rett.ca\/fr\/soutien-aux-freres-et-soeurs\/#breadcrumb\"},\"inLanguage\":\"fr-FR\",\"potentialAction\":[{\"@type\":\"ReadAction\",\"target\":[\"https:\/\/rett.ca\/fr\/soutien-aux-freres-et-soeurs\/\"]}]},{\"@type\":\"ImageObject\",\"inLanguage\":\"fr-FR\",\"@id\":\"https:\/\/rett.ca\/fr\/soutien-aux-freres-et-soeurs\/#primaryimage\",\"url\":\"https:\/\/rett.ca\/wp-content\/uploads\/YoungCaregivers-Logo-PANTONE-675-and-7406-TM-1.png\",\"contentUrl\":\"https:\/\/rett.ca\/wp-content\/uploads\/YoungCaregivers-Logo-PANTONE-675-and-7406-TM-1.png\"},{\"@type\":\"BreadcrumbList\",\"@id\":\"https:\/\/rett.ca\/fr\/soutien-aux-freres-et-soeurs\/#breadcrumb\",\"itemListElement\":[{\"@type\":\"ListItem\",\"position\":1,\"name\":\"Home\",\"item\":\"https:\/\/rett.ca\/fr\/accueil\/\"},{\"@type\":\"ListItem\",\"position\":2,\"name\":\"SOUTIEN AUX FR\u00c8RES ET S\u0152URS\"}]},{\"@type\":\"WebSite\",\"@id\":\"https:\/\/rett.ca\/fr\/#website\",\"url\":\"https:\/\/rett.ca\/fr\/\",\"name\":\"Ontario Rett Syndrome Association of Canada\",\"description\":\"\",\"publisher\":{\"@id\":\"https:\/\/rett.ca\/fr\/#organization\"},\"potentialAction\":[{\"@type\":\"SearchAction\",\"target\":{\"@type\":\"EntryPoint\",\"urlTemplate\":\"https:\/\/rett.ca\/fr\/?s={search_term_string}\"},\"query-input\":{\"@type\":\"PropertyValueSpecification\",\"valueRequired\":true,\"valueName\":\"search_term_string\"}}],\"inLanguage\":\"fr-FR\"},{\"@type\":\"Organization\",\"@id\":\"https:\/\/rett.ca\/fr\/#organization\",\"name\":\"Ontario Rett Syndrome Association of Canada\",\"url\":\"https:\/\/rett.ca\/fr\/\",\"logo\":{\"@type\":\"ImageObject\",\"inLanguage\":\"fr-FR\",\"@id\":\"https:\/\/rett.ca\/fr\/#\/schema\/logo\/image\/\",\"url\":\"https:\/\/rett.ca\/wp-content\/uploads\/ORSA_35Years_Colour-scaled.png\",\"contentUrl\":\"https:\/\/rett.ca\/wp-content\/uploads\/ORSA_35Years_Colour-scaled.png\",\"width\":2560,\"height\":1340,\"caption\":\"Ontario Rett Syndrome Association of Canada\"},\"image\":{\"@id\":\"https:\/\/rett.ca\/fr\/#\/schema\/logo\/image\/\"},\"sameAs\":[\"https:\/\/www.facebook.com\/OntarioRettSyndromeAssociation\",\"https:\/\/x.com\/OntarioRettSA\",\"https:\/\/www.instagram.com\/ontrettsyndromeassociation\/\",\"https:\/\/www.linkedin.com\/company\/ontario-rett-syndrome-association\",\"http:\/\/www.youtube.com\/@ORSAofficial\"]}]}<\/script>\n<!-- \/ Yoast SEO plugin. -->","yoast_head_json":{"title":"SOUTIEN AUX FR\u00c8RES ET S\u0152URS - Ontario Rett Syndrome Association","robots":{"index":"index","follow":"follow","max-snippet":"max-snippet:-1","max-image-preview":"max-image-preview:large","max-video-preview":"max-video-preview:-1"},"canonical":"https:\/\/rett.ca\/fr\/soutien-aux-freres-et-soeurs\/","og_locale":"fr_FR","og_type":"article","og_title":"SOUTIEN AUX FR\u00c8RES ET S\u0152URS - Ontario Rett Syndrome Association","og_description":"SOUTIEN AUX FR\u00c8RES ET S\u0152URS \u00c0 l&#8217;Association des jeunes aidants, leur vision est de voir un Canada o\u00f9 les JEUNES AIDANTS et leurs familles sont reconnus, soutenus et habilit\u00e9s \u00e0 atteindre leur plein potentiel. Visitez leur site web pour plus d&#8217;informations et de ressources.","og_url":"https:\/\/rett.ca\/fr\/soutien-aux-freres-et-soeurs\/","og_site_name":"Ontario Rett Syndrome Association","article_publisher":"https:\/\/www.facebook.com\/OntarioRettSyndromeAssociation","article_modified_time":"2025-09-19T01:33:29+00:00","og_image":[{"width":1934,"height":700,"url":"https:\/\/rett.ca\/wp-content\/uploads\/YoungCaregivers-Logo-PANTONE-675-and-7406-TM-1.png","type":"image\/png"}],"twitter_card":"summary_large_image","twitter_site":"@OntarioRettSA","schema":{"@context":"https:\/\/schema.org","@graph":[{"@type":"WebPage","@id":"https:\/\/rett.ca\/fr\/soutien-aux-freres-et-soeurs\/","url":"https:\/\/rett.ca\/fr\/soutien-aux-freres-et-soeurs\/","name":"SOUTIEN AUX FR\u00c8RES ET S\u0152URS - Ontario Rett Syndrome Association","isPartOf":{"@id":"https:\/\/rett.ca\/fr\/#website"},"primaryImageOfPage":{"@id":"https:\/\/rett.ca\/fr\/soutien-aux-freres-et-soeurs\/#primaryimage"},"image":{"@id":"https:\/\/rett.ca\/fr\/soutien-aux-freres-et-soeurs\/#primaryimage"},"thumbnailUrl":"https:\/\/rett.ca\/wp-content\/uploads\/YoungCaregivers-Logo-PANTONE-675-and-7406-TM-1.png","datePublished":"2025-02-12T23:03:57+00:00","dateModified":"2025-09-19T01:33:29+00:00","breadcrumb":{"@id":"https:\/\/rett.ca\/fr\/soutien-aux-freres-et-soeurs\/#breadcrumb"},"inLanguage":"fr-FR","potentialAction":[{"@type":"ReadAction","target":["https:\/\/rett.ca\/fr\/soutien-aux-freres-et-soeurs\/"]}]},{"@type":"ImageObject","inLanguage":"fr-FR","@id":"https:\/\/rett.ca\/fr\/soutien-aux-freres-et-soeurs\/#primaryimage","url":"https:\/\/rett.ca\/wp-content\/uploads\/YoungCaregivers-Logo-PANTONE-675-and-7406-TM-1.png","contentUrl":"https:\/\/rett.ca\/wp-content\/uploads\/YoungCaregivers-Logo-PANTONE-675-and-7406-TM-1.png"},{"@type":"BreadcrumbList","@id":"https:\/\/rett.ca\/fr\/soutien-aux-freres-et-soeurs\/#breadcrumb","itemListElement":[{"@type":"ListItem","position":1,"name":"Home","item":"https:\/\/rett.ca\/fr\/accueil\/"},{"@type":"ListItem","position":2,"name":"SOUTIEN AUX FR\u00c8RES ET S\u0152URS"}]},{"@type":"WebSite","@id":"https:\/\/rett.ca\/fr\/#website","url":"https:\/\/rett.ca\/fr\/","name":"Ontario Rett Syndrome Association of Canada","description":"","publisher":{"@id":"https:\/\/rett.ca\/fr\/#organization"},"potentialAction":[{"@type":"SearchAction","target":{"@type":"EntryPoint","urlTemplate":"https:\/\/rett.ca\/fr\/?s={search_term_string}"},"query-input":{"@type":"PropertyValueSpecification","valueRequired":true,"valueName":"search_term_string"}}],"inLanguage":"fr-FR"},{"@type":"Organization","@id":"https:\/\/rett.ca\/fr\/#organization","name":"Ontario Rett Syndrome Association of Canada","url":"https:\/\/rett.ca\/fr\/","logo":{"@type":"ImageObject","inLanguage":"fr-FR","@id":"https:\/\/rett.ca\/fr\/#\/schema\/logo\/image\/","url":"https:\/\/rett.ca\/wp-content\/uploads\/ORSA_35Years_Colour-scaled.png","contentUrl":"https:\/\/rett.ca\/wp-content\/uploads\/ORSA_35Years_Colour-scaled.png","width":2560,"height":1340,"caption":"Ontario Rett Syndrome Association of Canada"},"image":{"@id":"https:\/\/rett.ca\/fr\/#\/schema\/logo\/image\/"},"sameAs":["https:\/\/www.facebook.com\/OntarioRettSyndromeAssociation","https:\/\/x.com\/OntarioRettSA","https:\/\/www.instagram.com\/ontrettsyndromeassociation\/","https:\/\/www.linkedin.com\/company\/ontario-rett-syndrome-association","http:\/\/www.youtube.com\/@ORSAofficial"]}]}},"jetpack_sharing_enabled":true,"publishpress_future_action":{"enabled":false,"date":"2026-04-06 19:18:12","action":"change-status","newStatus":"draft","terms":[],"taxonomy":"translation_priority","extraData":[]},"publishpress_future_workflow_manual_trigger":{"enabledWorkflows":[]},"_links":{"self":[{"href":"https:\/\/rett.ca\/fr\/wp-json\/wp\/v2\/pages\/45518","targetHints":{"allow":["GET"]}}],"collection":[{"href":"https:\/\/rett.ca\/fr\/wp-json\/wp\/v2\/pages"}],"about":[{"href":"https:\/\/rett.ca\/fr\/wp-json\/wp\/v2\/types\/page"}],"author":[{"embeddable":true,"href":"https:\/\/rett.ca\/fr\/wp-json\/wp\/v2\/users\/1"}],"replies":[{"embeddable":true,"href":"https:\/\/rett.ca\/fr\/wp-json\/wp\/v2\/comments?post=45518"}],"version-history":[{"count":1,"href":"https:\/\/rett.ca\/fr\/wp-json\/wp\/v2\/pages\/45518\/revisions"}],"predecessor-version":[{"id":45519,"href":"https:\/\/rett.ca\/fr\/wp-json\/wp\/v2\/pages\/45518\/revisions\/45519"}],"wp:attachment":[{"href":"https:\/\/rett.ca\/fr\/wp-json\/wp\/v2\/media?parent=45518"}],"curies":[{"name":"wp","href":"https:\/\/api.w.org\/{rel}","templated":true}]}}