{"id":45467,"date":"2025-02-12T18:02:58","date_gmt":"2025-02-12T23:02:58","guid":{"rendered":"https:\/\/rett.ca\/cliniques\/"},"modified":"2025-09-18T21:32:07","modified_gmt":"2025-09-19T01:32:07","slug":"cliniques","status":"publish","type":"page","link":"https:\/\/rett.ca\/fr\/cliniques\/","title":{"rendered":"CLINIQUES"},"content":{"rendered":"\t\t<div data-elementor-type=\"wp-page\" data-elementor-id=\"45467\" class=\"elementor elementor-45467 elementor-15830\" data-elementor-settings=\"{&quot;ha_cmc_init_switcher&quot;:&quot;no&quot;}\" data-elementor-post-type=\"page\">\n\t\t\t\t<div class=\"elementor-element elementor-element-bd53d36 e-con-full e-flex e-con e-parent\" data-id=\"bd53d36\" data-element_type=\"container\" data-e-type=\"container\" data-settings=\"{&quot;_ha_eqh_enable&quot;:false}\">\n\t\t\t\t<div class=\"elementor-element elementor-element-247fca8 elementor-hidden-mobile elementor-invisible elementor-widget elementor-widget-heading\" data-id=\"247fca8\" data-element_type=\"widget\" data-e-type=\"widget\" data-settings=\"{&quot;_animation&quot;:&quot;fadeInLeft&quot;}\" data-widget_type=\"heading.default\">\n\t\t\t\t<div class=\"elementor-widget-container\">\n\t\t\t\t\t<span class=\"elementor-heading-title elementor-size-default\">Cliniques canadiennes pour le syndrome de Rett<\/span>\t\t\t\t<\/div>\n\t\t\t\t<\/div>\n\t\t\t\t<div class=\"elementor-element elementor-element-9aebe77 elementor-hidden-desktop elementor-hidden-tablet elementor-invisible elementor-widget elementor-widget-heading\" data-id=\"9aebe77\" data-element_type=\"widget\" data-e-type=\"widget\" data-settings=\"{&quot;_animation&quot;:&quot;fadeInLeft&quot;}\" data-widget_type=\"heading.default\">\n\t\t\t\t<div class=\"elementor-widget-container\">\n\t\t\t\t\t<span class=\"elementor-heading-title elementor-size-default\">Cliniques canadiennes<\/span>\t\t\t\t<\/div>\n\t\t\t\t<\/div>\n\t\t\t\t<\/div>\n\t\t<div class=\"elementor-element elementor-element-070f395 e-con-full e-flex e-con e-parent\" data-id=\"070f395\" data-element_type=\"container\" data-e-type=\"container\" id=\"ontario_clinics\" data-settings=\"{&quot;_ha_eqh_enable&quot;:false}\">\n\t\t<div class=\"elementor-element elementor-element-bfccbda e-con-full e-flex e-con e-child\" data-id=\"bfccbda\" data-element_type=\"container\" data-e-type=\"container\" data-settings=\"{&quot;_ha_eqh_enable&quot;:false}\">\n\t\t\t\t<div class=\"elementor-element elementor-element-20b8f57 elementor-invisible elementor-widget elementor-widget-text-editor\" data-id=\"20b8f57\" data-element_type=\"widget\" data-e-type=\"widget\" data-settings=\"{&quot;_animation&quot;:&quot;fadeInUp&quot;}\" data-widget_type=\"text-editor.default\">\n\t\t\t\t<div class=\"elementor-widget-container\">\n\t\t\t\t\t\t\t\t\t<p aria-level=\"3\"><span data-contrast=\"auto\"><span style=\"font-size: 30px; font-weight: bold; text-transform: capitalize; white-space-collapse: preserve;\">Centre pour enfants Thames Valley<\/span><\/span><\/p><p aria-level=\"3\"><span data-contrast=\"auto\">Centre pour enfants Thames Valley<\/span><span data-ccp-props=\"{\"134245418\":true,\"134245529\":true,\"335559738\":40,\"335559739\":0}\"> <\/span><\/p><p><span data-contrast=\"auto\">779 Base Line Rd East, London, ON N6C 5Y6<\/span> <\/p><p><span data-contrast=\"auto\">Responsable m\u00e9dical : Dr Victoria Siu<\/span> <\/p><p><span style=\"font-size: 30px; font-weight: bold; text-transform: capitalize; -webkit-text-stroke-color: #000000; white-space-collapse: preserve;\">Holland Bloorview<\/span><\/p><p><span data-contrast=\"auto\">Clinique sp\u00e9cialis\u00e9e pour le syndrome de Rett<\/span><span data-ccp-props=\"{\"134245418\":true,\"134245529\":true,\"335559738\":40,\"335559739\":0}\"> <\/span><\/p><p><span data-contrast=\"auto\">Holland Bloorview Kids Rehabilitation Hospital<\/span> <br><span data-contrast=\"auto\">150 Kilgour Road, Toronto, ON M4G 1R8<\/span> <\/p><p><span data-contrast=\"auto\">Responsable m\u00e9dical : Dr Laura McAdam<\/span><\/p><p><span data-contrast=\"auto\"> <\/span><\/p><p><span data-contrast=\"auto\"><span style=\"font-size: 30px; font-weight: bold; text-transform: capitalize; white-space-collapse: preserve;\">H\u00f4pital pour enfants de la Colombie-Britannique<\/span><\/span><\/p><p style=\"font-size: 16px;\"><span data-contrast=\"auto\">Le centre de soins neurologiques<\/span><\/p><p style=\"font-size: 16px;\"><span data-contrast=\"auto\">4480 Oak Street, Vancouver, BC V6H 3V4<\/span> <\/p><p style=\"font-size: 16px;\"><span data-contrast=\"auto\">Responsable m\u00e9dical : Dr Anita Datta<\/span><\/p><p style=\"font-size: 16px;\"><span data-contrast=\"auto\"> <\/span><\/p><h2 style=\"font-family: var( --e-global-typography-e9eced4-font-family ), Sans-serif; font-weight: var( --e-global-typography-e9eced4-font-weight ); font-size: var( --e-global-typography-e9eced4-font-size ); text-transform: var( --e-global-typography-e9eced4-text-transform );\" data-elementor-setting-key=\"title\" data-pen-placeholder=\"Type Here...\">H\u00f4pital pour enfants de l&#8217;Alberta<\/h2><div><p style=\"font-size: 16px;\"><span data-contrast=\"none\">10230 111 Avenue NW<\/span> <br><span data-contrast=\"none\">Edmonton, Alberta T5G 0B7<\/span><span data-ccp-props=\"{}\"> <\/span><\/p><p style=\"font-size: 16px;\"><span data-contrast=\"auto\">Responsable m\u00e9dical : <\/span><span data-contrast=\"auto\">Dr Jacobs-Levan<\/span><\/p><p style=\"font-size: 16px;\"><span data-contrast=\"auto\"> <\/span><\/p><h2 style=\"font-family: var( --e-global-typography-e9eced4-font-family ), Sans-serif; font-weight: var( --e-global-typography-e9eced4-font-weight ); font-size: var( --e-global-typography-e9eced4-font-size ); text-transform: var( --e-global-typography-e9eced4-text-transform );\" data-elementor-setting-key=\"title\" data-pen-placeholder=\"Type Here...\">Universit\u00e9 de Montr\u00e9al<\/h2><div><p style=\"font-size: 16px;\"><span data-contrast=\"auto\">3175 C\u00f4te-Sainte-Catherine<\/span><span data-ccp-props=\"{}\"> <\/span><\/p><p style=\"font-size: 16px;\"><span data-contrast=\"auto\">Montr\u00e9al, Qu\u00e9bec, Canada <\/span><span data-contrast=\"auto\">H3T 1C5<\/span><span data-ccp-props=\"{}\"> <\/span><\/p><p style=\"font-size: 16px;\"><span data-contrast=\"auto\">Responsable m\u00e9dical : Dr Elsa Rossignol<\/span><\/p><\/div><\/div>\t\t\t\t\t\t\t\t<\/div>\n\t\t\t\t<\/div>\n\t\t\t\t<\/div>\n\t\t\t\t<\/div>\n\t\t<div class=\"elementor-element elementor-element-21c3e48 e-con-full e-flex e-con e-parent\" data-id=\"21c3e48\" data-element_type=\"container\" data-e-type=\"container\" data-settings=\"{&quot;_ha_eqh_enable&quot;:false}\">\n\t\t\t\t<\/div>\n\t\t<div class=\"elementor-element elementor-element-e2bdc37 e-flex e-con-boxed e-con e-parent\" data-id=\"e2bdc37\" data-element_type=\"container\" data-e-type=\"container\" data-settings=\"{&quot;_ha_eqh_enable&quot;:false}\">\n\t\t\t\t\t<div class=\"e-con-inner\">\n\t\t\t\t<div class=\"elementor-element elementor-element-a8358b6 elementor-widget elementor-widget-spacer\" data-id=\"a8358b6\" data-element_type=\"widget\" data-e-type=\"widget\" data-widget_type=\"spacer.default\">\n\t\t\t\t<div class=\"elementor-widget-container\">\n\t\t\t\t\t\t\t<div class=\"elementor-spacer\">\n\t\t\t<div class=\"elementor-spacer-inner\"><\/div>\n\t\t<\/div>\n\t\t\t\t\t\t<\/div>\n\t\t\t\t<\/div>\n\t\t\t\t\t<\/div>\n\t\t\t\t<\/div>\n\t\t\t\t<\/div>\n\t\t","protected":false},"excerpt":{"rendered":"<p>Cliniques canadiennes pour le syndrome de Rett Cliniques canadiennes Centre pour enfants Thames Valley Centre pour enfants Thames Valley 779 Base Line Rd East, London, ON N6C 5Y6 Responsable m\u00e9dical : Dr Victoria Siu Holland Bloorview Clinique sp\u00e9cialis\u00e9e pour le syndrome de Rett Holland Bloorview Kids Rehabilitation Hospital 150 Kilgour Road, Toronto, ON M4G 1R8 [&hellip;]<\/p>\n","protected":false},"author":1,"featured_media":0,"parent":0,"menu_order":0,"comment_status":"closed","ping_status":"closed","template":"","meta":{"footnotes":""},"class_list":["post-45467","page","type-page","status-publish","hentry"],"yoast_head":"<!-- This site is optimized with the Yoast SEO plugin v27.2 - https:\/\/yoast.com\/product\/yoast-seo-wordpress\/ -->\n<title>CLINIQUES - Ontario Rett Syndrome Association<\/title>\n<meta name=\"robots\" content=\"index, follow, max-snippet:-1, max-image-preview:large, max-video-preview:-1\" \/>\n<link rel=\"canonical\" href=\"https:\/\/rett.ca\/fr\/cliniques\/\" \/>\n<meta property=\"og:locale\" content=\"fr_FR\" \/>\n<meta property=\"og:type\" content=\"article\" \/>\n<meta property=\"og:title\" content=\"CLINIQUES - Ontario Rett Syndrome Association\" \/>\n<meta property=\"og:description\" content=\"Cliniques canadiennes pour le syndrome de Rett Cliniques canadiennes Centre pour enfants Thames Valley Centre pour enfants Thames Valley 779 Base Line Rd East, London, ON N6C 5Y6 Responsable m\u00e9dical : Dr Victoria Siu Holland Bloorview Clinique sp\u00e9cialis\u00e9e pour le syndrome de Rett Holland Bloorview Kids Rehabilitation Hospital 150 Kilgour Road, Toronto, ON M4G 1R8 [&hellip;]\" \/>\n<meta property=\"og:url\" content=\"https:\/\/rett.ca\/fr\/cliniques\/\" \/>\n<meta property=\"og:site_name\" content=\"Ontario Rett Syndrome Association\" \/>\n<meta property=\"article:publisher\" content=\"https:\/\/www.facebook.com\/OntarioRettSyndromeAssociation\" \/>\n<meta property=\"article:modified_time\" content=\"2025-09-19T01:32:07+00:00\" \/>\n<meta name=\"twitter:card\" content=\"summary_large_image\" \/>\n<meta name=\"twitter:site\" content=\"@OntarioRettSA\" \/>\n<meta name=\"twitter:label1\" content=\"Dur\u00e9e de lecture estim\u00e9e\" \/>\n\t<meta name=\"twitter:data1\" content=\"1 minute\" \/>\n<script type=\"application\/ld+json\" class=\"yoast-schema-graph\">{\"@context\":\"https:\/\/schema.org\",\"@graph\":[{\"@type\":\"WebPage\",\"@id\":\"https:\/\/rett.ca\/fr\/cliniques\/\",\"url\":\"https:\/\/rett.ca\/fr\/cliniques\/\",\"name\":\"CLINIQUES - Ontario Rett Syndrome Association\",\"isPartOf\":{\"@id\":\"https:\/\/rett.ca\/fr\/#website\"},\"datePublished\":\"2025-02-12T23:02:58+00:00\",\"dateModified\":\"2025-09-19T01:32:07+00:00\",\"breadcrumb\":{\"@id\":\"https:\/\/rett.ca\/fr\/cliniques\/#breadcrumb\"},\"inLanguage\":\"fr-FR\",\"potentialAction\":[{\"@type\":\"ReadAction\",\"target\":[\"https:\/\/rett.ca\/fr\/cliniques\/\"]}]},{\"@type\":\"BreadcrumbList\",\"@id\":\"https:\/\/rett.ca\/fr\/cliniques\/#breadcrumb\",\"itemListElement\":[{\"@type\":\"ListItem\",\"position\":1,\"name\":\"Home\",\"item\":\"https:\/\/rett.ca\/fr\/accueil\/\"},{\"@type\":\"ListItem\",\"position\":2,\"name\":\"CLINIQUES\"}]},{\"@type\":\"WebSite\",\"@id\":\"https:\/\/rett.ca\/fr\/#website\",\"url\":\"https:\/\/rett.ca\/fr\/\",\"name\":\"Ontario Rett Syndrome Association of Canada\",\"description\":\"\",\"publisher\":{\"@id\":\"https:\/\/rett.ca\/fr\/#organization\"},\"potentialAction\":[{\"@type\":\"SearchAction\",\"target\":{\"@type\":\"EntryPoint\",\"urlTemplate\":\"https:\/\/rett.ca\/fr\/?s={search_term_string}\"},\"query-input\":{\"@type\":\"PropertyValueSpecification\",\"valueRequired\":true,\"valueName\":\"search_term_string\"}}],\"inLanguage\":\"fr-FR\"},{\"@type\":\"Organization\",\"@id\":\"https:\/\/rett.ca\/fr\/#organization\",\"name\":\"Ontario Rett Syndrome Association of Canada\",\"url\":\"https:\/\/rett.ca\/fr\/\",\"logo\":{\"@type\":\"ImageObject\",\"inLanguage\":\"fr-FR\",\"@id\":\"https:\/\/rett.ca\/fr\/#\/schema\/logo\/image\/\",\"url\":\"https:\/\/rett.ca\/wp-content\/uploads\/ORSA_35Years_Colour-scaled.png\",\"contentUrl\":\"https:\/\/rett.ca\/wp-content\/uploads\/ORSA_35Years_Colour-scaled.png\",\"width\":2560,\"height\":1340,\"caption\":\"Ontario Rett Syndrome Association of Canada\"},\"image\":{\"@id\":\"https:\/\/rett.ca\/fr\/#\/schema\/logo\/image\/\"},\"sameAs\":[\"https:\/\/www.facebook.com\/OntarioRettSyndromeAssociation\",\"https:\/\/x.com\/OntarioRettSA\",\"https:\/\/www.instagram.com\/ontrettsyndromeassociation\/\",\"https:\/\/www.linkedin.com\/company\/ontario-rett-syndrome-association\",\"http:\/\/www.youtube.com\/@ORSAofficial\"]}]}<\/script>\n<!-- \/ Yoast SEO plugin. -->","yoast_head_json":{"title":"CLINIQUES - Ontario Rett Syndrome Association","robots":{"index":"index","follow":"follow","max-snippet":"max-snippet:-1","max-image-preview":"max-image-preview:large","max-video-preview":"max-video-preview:-1"},"canonical":"https:\/\/rett.ca\/fr\/cliniques\/","og_locale":"fr_FR","og_type":"article","og_title":"CLINIQUES - Ontario Rett Syndrome Association","og_description":"Cliniques canadiennes pour le syndrome de Rett Cliniques canadiennes Centre pour enfants Thames Valley Centre pour enfants Thames Valley 779 Base Line Rd East, London, ON N6C 5Y6 Responsable m\u00e9dical : Dr Victoria Siu Holland Bloorview Clinique sp\u00e9cialis\u00e9e pour le syndrome de Rett Holland Bloorview Kids Rehabilitation Hospital 150 Kilgour Road, Toronto, ON M4G 1R8 [&hellip;]","og_url":"https:\/\/rett.ca\/fr\/cliniques\/","og_site_name":"Ontario Rett Syndrome Association","article_publisher":"https:\/\/www.facebook.com\/OntarioRettSyndromeAssociation","article_modified_time":"2025-09-19T01:32:07+00:00","twitter_card":"summary_large_image","twitter_site":"@OntarioRettSA","twitter_misc":{"Dur\u00e9e de lecture estim\u00e9e":"1 minute"},"schema":{"@context":"https:\/\/schema.org","@graph":[{"@type":"WebPage","@id":"https:\/\/rett.ca\/fr\/cliniques\/","url":"https:\/\/rett.ca\/fr\/cliniques\/","name":"CLINIQUES - Ontario Rett Syndrome Association","isPartOf":{"@id":"https:\/\/rett.ca\/fr\/#website"},"datePublished":"2025-02-12T23:02:58+00:00","dateModified":"2025-09-19T01:32:07+00:00","breadcrumb":{"@id":"https:\/\/rett.ca\/fr\/cliniques\/#breadcrumb"},"inLanguage":"fr-FR","potentialAction":[{"@type":"ReadAction","target":["https:\/\/rett.ca\/fr\/cliniques\/"]}]},{"@type":"BreadcrumbList","@id":"https:\/\/rett.ca\/fr\/cliniques\/#breadcrumb","itemListElement":[{"@type":"ListItem","position":1,"name":"Home","item":"https:\/\/rett.ca\/fr\/accueil\/"},{"@type":"ListItem","position":2,"name":"CLINIQUES"}]},{"@type":"WebSite","@id":"https:\/\/rett.ca\/fr\/#website","url":"https:\/\/rett.ca\/fr\/","name":"Ontario Rett Syndrome Association of Canada","description":"","publisher":{"@id":"https:\/\/rett.ca\/fr\/#organization"},"potentialAction":[{"@type":"SearchAction","target":{"@type":"EntryPoint","urlTemplate":"https:\/\/rett.ca\/fr\/?s={search_term_string}"},"query-input":{"@type":"PropertyValueSpecification","valueRequired":true,"valueName":"search_term_string"}}],"inLanguage":"fr-FR"},{"@type":"Organization","@id":"https:\/\/rett.ca\/fr\/#organization","name":"Ontario Rett Syndrome Association of Canada","url":"https:\/\/rett.ca\/fr\/","logo":{"@type":"ImageObject","inLanguage":"fr-FR","@id":"https:\/\/rett.ca\/fr\/#\/schema\/logo\/image\/","url":"https:\/\/rett.ca\/wp-content\/uploads\/ORSA_35Years_Colour-scaled.png","contentUrl":"https:\/\/rett.ca\/wp-content\/uploads\/ORSA_35Years_Colour-scaled.png","width":2560,"height":1340,"caption":"Ontario Rett Syndrome Association of Canada"},"image":{"@id":"https:\/\/rett.ca\/fr\/#\/schema\/logo\/image\/"},"sameAs":["https:\/\/www.facebook.com\/OntarioRettSyndromeAssociation","https:\/\/x.com\/OntarioRettSA","https:\/\/www.instagram.com\/ontrettsyndromeassociation\/","https:\/\/www.linkedin.com\/company\/ontario-rett-syndrome-association","http:\/\/www.youtube.com\/@ORSAofficial"]}]}},"jetpack_sharing_enabled":true,"publishpress_future_action":{"enabled":false,"date":"2026-05-03 10:05:32","action":"change-status","newStatus":"draft","terms":[],"taxonomy":"translation_priority","extraData":[]},"publishpress_future_workflow_manual_trigger":{"enabledWorkflows":[]},"_links":{"self":[{"href":"https:\/\/rett.ca\/fr\/wp-json\/wp\/v2\/pages\/45467","targetHints":{"allow":["GET"]}}],"collection":[{"href":"https:\/\/rett.ca\/fr\/wp-json\/wp\/v2\/pages"}],"about":[{"href":"https:\/\/rett.ca\/fr\/wp-json\/wp\/v2\/types\/page"}],"author":[{"embeddable":true,"href":"https:\/\/rett.ca\/fr\/wp-json\/wp\/v2\/users\/1"}],"replies":[{"embeddable":true,"href":"https:\/\/rett.ca\/fr\/wp-json\/wp\/v2\/comments?post=45467"}],"version-history":[{"count":1,"href":"https:\/\/rett.ca\/fr\/wp-json\/wp\/v2\/pages\/45467\/revisions"}],"predecessor-version":[{"id":45468,"href":"https:\/\/rett.ca\/fr\/wp-json\/wp\/v2\/pages\/45467\/revisions\/45468"}],"wp:attachment":[{"href":"https:\/\/rett.ca\/fr\/wp-json\/wp\/v2\/media?parent=45467"}],"curies":[{"name":"wp","href":"https:\/\/api.w.org\/{rel}","templated":true}]}}