{"id":45449,"date":"2025-03-01T04:43:01","date_gmt":"2025-03-01T09:43:01","guid":{"rendered":"https:\/\/rett.ca\/a-propos-dorsa\/"},"modified":"2025-09-18T21:31:50","modified_gmt":"2025-09-19T01:31:50","slug":"a-propos-dorsa","status":"publish","type":"page","link":"https:\/\/rett.ca\/fr\/a-propos-dorsa\/","title":{"rendered":"\u00c0 PROPOS D&#8217;ORSA"},"content":{"rendered":"\t\t<div data-elementor-type=\"wp-page\" data-elementor-id=\"45449\" class=\"elementor elementor-45449 elementor-105\" data-elementor-settings=\"{&quot;ha_cmc_init_switcher&quot;:&quot;no&quot;}\" data-elementor-post-type=\"page\">\n\t\t\t\t<div class=\"elementor-element elementor-element-66ae3bf e-flex e-con-boxed e-con e-parent\" data-id=\"66ae3bf\" data-element_type=\"container\" data-e-type=\"container\" data-settings=\"{&quot;_ha_eqh_enable&quot;:false}\">\n\t\t\t\t\t<div class=\"e-con-inner\">\n\t\t\t\t<div class=\"elementor-element elementor-element-b98d6f9 elementor-invisible elementor-widget elementor-widget-heading\" data-id=\"b98d6f9\" data-element_type=\"widget\" data-e-type=\"widget\" data-settings=\"{&quot;_animation&quot;:&quot;fadeInLeft&quot;}\" data-widget_type=\"heading.default\">\n\t\t\t\t<div class=\"elementor-widget-container\">\n\t\t\t\t\t<span class=\"elementor-heading-title elementor-size-default\">\u00c0 propos d'ORSA CANADA<\/span>\t\t\t\t<\/div>\n\t\t\t\t<\/div>\n\t\t\t\t<div class=\"elementor-element elementor-element-e85d550 elementor-invisible elementor-widget elementor-widget-text-editor\" data-id=\"e85d550\" data-element_type=\"widget\" data-e-type=\"widget\" data-settings=\"{&quot;_animation&quot;:&quot;fadeInUp&quot;}\" data-widget_type=\"text-editor.default\">\n\t\t\t\t<div class=\"elementor-widget-container\">\n\t\t\t\t\t\t\t\t\t<p>L&#8217;Association du syndrome de Rett de l&#8217;Ontario du Canada (ORSA Canada) est un organisme de bienfaisance \u00e0 but non lucratif g\u00e9r\u00e9 par des b\u00e9n\u00e9voles, d\u00e9di\u00e9 au soutien des parents, des soignants, des chercheurs, des professionnels de sant\u00e9 et d&#8217;autres parties prenantes. ORSA Canada fournit des ressources essentielles et du plaidoyer pour les personnes atteintes du syndrome de Rett et leurs familles \u00e0 travers le Canada.<\/p>\t\t\t\t\t\t\t\t<\/div>\n\t\t\t\t<\/div>\n\t\t\t\t<div class=\"elementor-element elementor-element-dc663a0 elementor-invisible elementor-widget elementor-widget-heading\" data-id=\"dc663a0\" data-element_type=\"widget\" data-e-type=\"widget\" data-settings=\"{&quot;_animation&quot;:&quot;fadeInRight&quot;}\" data-widget_type=\"heading.default\">\n\t\t\t\t<div class=\"elementor-widget-container\">\n\t\t\t\t\t<h2 class=\"elementor-heading-title elementor-size-default\">NOTRE MISSION<\/h2>\t\t\t\t<\/div>\n\t\t\t\t<\/div>\n\t\t\t\t<div class=\"elementor-element elementor-element-b20858e elementor-invisible elementor-widget elementor-widget-text-editor\" data-id=\"b20858e\" data-element_type=\"widget\" data-e-type=\"widget\" data-settings=\"{&quot;_animation&quot;:&quot;fadeInUp&quot;}\" data-widget_type=\"text-editor.default\">\n\t\t\t\t<div class=\"elementor-widget-container\">\n\t\t\t\t\t\t\t\t\t<p>Nous existons pour garantir que les personnes atteintes du syndrome de Rett puissent atteindre leur plein potentiel et jouir de la meilleure qualit\u00e9 de vie possible au sein de leur communaut\u00e9<\/p>\t\t\t\t\t\t\t\t<\/div>\n\t\t\t\t<\/div>\n\t\t\t\t<div class=\"elementor-element elementor-element-bcd97ba elementor-invisible elementor-widget elementor-widget-heading\" data-id=\"bcd97ba\" data-element_type=\"widget\" data-e-type=\"widget\" data-settings=\"{&quot;_animation&quot;:&quot;fadeInRight&quot;}\" data-widget_type=\"heading.default\">\n\t\t\t\t<div class=\"elementor-widget-container\">\n\t\t\t\t\t<h2 class=\"elementor-heading-title elementor-size-default\">NOTRE VISION<\/h2>\t\t\t\t<\/div>\n\t\t\t\t<\/div>\n\t\t\t\t<div class=\"elementor-element elementor-element-66acb91 elementor-invisible elementor-widget elementor-widget-text-editor\" data-id=\"66acb91\" data-element_type=\"widget\" data-e-type=\"widget\" data-settings=\"{&quot;_animation&quot;:&quot;fadeInUp&quot;}\" data-widget_type=\"text-editor.default\">\n\t\t\t\t<div class=\"elementor-widget-container\">\n\t\t\t\t\t\t\t\t\t<p>Cr\u00e9er un monde o\u00f9 chaque personne touch\u00e9e par le syndrome de Rett a acc\u00e8s \u00e0 des soins compatissants, \u00e0 une recherche de pointe et \u00e0 un soutien ind\u00e9fectible, leur permettant, ainsi qu&#8217;\u00e0 leurs familles, de s&#8217;\u00e9panouir.<\/p>\t\t\t\t\t\t\t\t<\/div>\n\t\t\t\t<\/div>\n\t\t\t\t<div class=\"elementor-element elementor-element-214eb39 elementor-invisible elementor-widget elementor-widget-heading\" data-id=\"214eb39\" data-element_type=\"widget\" data-e-type=\"widget\" data-settings=\"{&quot;_animation&quot;:&quot;fadeInRight&quot;}\" data-widget_type=\"heading.default\">\n\t\t\t\t<div class=\"elementor-widget-container\">\n\t\t\t\t\t<h2 class=\"elementor-heading-title elementor-size-default\">COMMENT NOUS AIDONS :<\/h2>\t\t\t\t<\/div>\n\t\t\t\t<\/div>\n\t\t\t\t<div class=\"elementor-element elementor-element-54823c1 elementor-invisible elementor-widget elementor-widget-heading\" data-id=\"54823c1\" data-element_type=\"widget\" data-e-type=\"widget\" data-settings=\"{&quot;_animation&quot;:&quot;fadeInLeft&quot;}\" data-widget_type=\"heading.default\">\n\t\t\t\t<div class=\"elementor-widget-container\">\n\t\t\t\t\t<span class=\"elementor-heading-title elementor-size-default\">FAMILLES NOUVELLEMENT DIAGNOSTIQU\u00c9ES<\/span>\t\t\t\t<\/div>\n\t\t\t\t<\/div>\n\t\t\t\t<div class=\"elementor-element elementor-element-cebd234 elementor-invisible elementor-widget elementor-widget-text-editor\" data-id=\"cebd234\" data-element_type=\"widget\" data-e-type=\"widget\" data-settings=\"{&quot;_animation&quot;:&quot;fadeInUp&quot;}\" data-widget_type=\"text-editor.default\">\n\t\t\t\t<div class=\"elementor-widget-container\">\n\t\t\t\t\t\t\t\t\t<ul><li>Fournir aux nouveaux membres qui sont des parents\/tuteurs canadiens un pack de bienvenue gratuit contenant des ressources pr\u00e9cieuses<\/li><li>Aider \u00e0 mettre en relation les nouvelles familles avec d&#8217;autres familles locales et les cliniques Rett<\/li><\/ul>\t\t\t\t\t\t\t\t<\/div>\n\t\t\t\t<\/div>\n\t\t\t\t<div class=\"elementor-element elementor-element-546612c elementor-invisible elementor-widget elementor-widget-heading\" data-id=\"546612c\" data-element_type=\"widget\" data-e-type=\"widget\" data-settings=\"{&quot;_animation&quot;:&quot;fadeInRight&quot;}\" data-widget_type=\"heading.default\">\n\t\t\t\t<div class=\"elementor-widget-container\">\n\t\t\t\t\t<h2 class=\"elementor-heading-title elementor-size-default\">SOUTIEN CONTINU<\/h2>\t\t\t\t<\/div>\n\t\t\t\t<\/div>\n\t\t\t\t<div class=\"elementor-element elementor-element-92c3cd4 elementor-invisible elementor-widget elementor-widget-text-editor\" data-id=\"92c3cd4\" data-element_type=\"widget\" data-e-type=\"widget\" data-settings=\"{&quot;_animation&quot;:&quot;fadeInUp&quot;}\" data-widget_type=\"text-editor.default\">\n\t\t\t\t<div class=\"elementor-widget-container\">\n\t\t\t\t\t\t\t\t\t<ul><li><p>Financer et soutenir les cliniques du syndrome de Rett en Ontario, au Canada, au : Thames Valley Children&#8217;s Centre \u00e0 London et au Holland Bloorview Kids Rehabilitation Hospital \u00e0 Toronto<\/p><\/li><li>Organiser des \u00e9v\u00e9nements sociaux pour rassembler notre communaut\u00e9<\/li><li>Cr\u00e9er de nouvelles initiatives pour l&#8217;engagement communautaire<\/li><li><p>Organiser des conf\u00e9rences et des symposiums pour les parents, les soignants, les professionnels de sant\u00e9, les scientifiques et les partenaires industriels<\/p><\/li><li><p>Fournir des mises \u00e0 jour communautaires via notre site web, les m\u00e9dias sociaux et les e-mails<\/p><\/li><li><p>Collaborer avec des groupes de d\u00e9fense des droits au Canada et \u00e0 l&#8217;\u00e9tranger pour obtenir du soutien pour notre communaut\u00e9<\/p><\/li><\/ul>\t\t\t\t\t\t\t\t<\/div>\n\t\t\t\t<\/div>\n\t\t\t\t<div class=\"elementor-element elementor-element-6a6f5df elementor-invisible elementor-widget elementor-widget-heading\" data-id=\"6a6f5df\" data-element_type=\"widget\" data-e-type=\"widget\" data-settings=\"{&quot;_animation&quot;:&quot;fadeInLeft&quot;}\" data-widget_type=\"heading.default\">\n\t\t\t\t<div class=\"elementor-widget-container\">\n\t\t\t\t\t<h2 class=\"elementor-heading-title elementor-size-default\">RECHERCHE<\/h2>\t\t\t\t<\/div>\n\t\t\t\t<\/div>\n\t\t\t\t<div class=\"elementor-element elementor-element-30f6bd6 elementor-invisible elementor-widget elementor-widget-text-editor\" data-id=\"30f6bd6\" data-element_type=\"widget\" data-e-type=\"widget\" data-settings=\"{&quot;_animation&quot;:&quot;fadeInUp&quot;}\" data-widget_type=\"text-editor.default\">\n\t\t\t\t<div class=\"elementor-widget-container\">\n\t\t\t\t\t\t\t\t\t<ul><li><p>Fournir des financements pour les initiatives de recherche canadiennes gr\u00e2ce \u00e0 la subvention du Fonds de l&#8217;Espoir<\/p><\/li><li><p>Parrainer le registre canadien du syndrome de Rett<\/p><\/li><li><p>Financer les co\u00fbts op\u00e9rationnels continus du registre canadien du syndrome de Rett<\/p><\/li><li><p>Plaider pour des essais cliniques au Canada<\/p><\/li><li><p>Assister \u00e0 des r\u00e9unions scientifiques virtuellement et en personne<\/p><\/li><li><p>Se connecter avec des partenaires industriels une fois par mois<\/p><\/li><\/ul>\t\t\t\t\t\t\t\t<\/div>\n\t\t\t\t<\/div>\n\t\t\t\t\t<\/div>\n\t\t\t\t<\/div>\n\t\t<div class=\"elementor-element elementor-element-f4f164a e-flex e-con-boxed e-con e-parent\" data-id=\"f4f164a\" data-element_type=\"container\" data-e-type=\"container\" data-settings=\"{&quot;_ha_eqh_enable&quot;:false}\">\n\t\t\t\t\t<div class=\"e-con-inner\">\n\t\t\t\t<div class=\"elementor-element elementor-element-2613dc8 elementor-invisible elementor-widget elementor-widget-heading\" data-id=\"2613dc8\" data-element_type=\"widget\" data-e-type=\"widget\" data-settings=\"{&quot;_animation&quot;:&quot;fadeInLeft&quot;}\" data-widget_type=\"heading.default\">\n\t\t\t\t<div class=\"elementor-widget-container\">\n\t\t\t\t\t<h2 class=\"elementor-heading-title elementor-size-default\">Histoire d'ORSA Canada<\/h2>\t\t\t\t<\/div>\n\t\t\t\t<\/div>\n\t\t\t\t<div class=\"elementor-element elementor-element-1749ede elementor-invisible elementor-widget elementor-widget-text-editor\" data-id=\"1749ede\" data-element_type=\"widget\" data-e-type=\"widget\" data-settings=\"{&quot;_animation&quot;:&quot;fadeInUp&quot;}\" data-widget_type=\"text-editor.default\">\n\t\t\t\t<div class=\"elementor-widget-container\">\n\t\t\t\t\t\t\t\t\t<p>Fait au Canada :<\/p>\n<p>Depuis sa fondation en 1991, ORSA Canada a \u00e9t\u00e9 un d\u00e9fenseur in\u00e9branlable des personnes atteintes du syndrome de Rett et de leurs familles \u00e0 travers le Canada.&nbsp;<\/p>\n<p><strong><em>Le registre canadien du syndrome de Rett&nbsp;<\/em><\/strong><\/p>\n<p>Un pilier de la mission d&#8217;ORSA Canada est le registre canadien du syndrome de Rett, une base de donn\u00e9es nationale qui recueille des informations cliniques, g\u00e9n\u00e9tiques et d\u00e9mographiques sur les personnes diagnostiqu\u00e9es avec le syndrome de Rett. \u00c9tabli pour faire progresser la recherche et am\u00e9liorer les soins aux patients, le registre permet aux chercheurs et aux professionnels de sant\u00e9 d&#8217;identifier les tendances, de d\u00e9velopper des traitements cibl\u00e9s et de mettre en relation les familles avec des ressources sp\u00e9cialis\u00e9es et des essais cliniques. En maintenant cette base de donn\u00e9es inestimable, nous veillons \u00e0 ce que le Canada reste \u00e0 l&#8217;avant-garde de la recherche et du plaidoyer sur le syndrome de Rett.  &nbsp;<\/p>\n<p><strong><em>Recherche et soutien pionniers&nbsp;<\/em><\/strong><\/p>\n<p>En 2014, ORSA Canada a lanc\u00e9 le Fonds de l&#8217;Espoir, une initiative novatrice d\u00e9di\u00e9e \u00e0 l&#8217;avancement de la recherche canadienne sur le syndrome de Rett. \u00c0 ce jour, le fonds a accord\u00e9 plus d&#8217;un million de dollars aux chercheurs canadiens engag\u00e9s dans la recherche de nouvelles perspectives et de traitements pour le syndrome de Rett. &nbsp;<\/p>\n<p><strong><em>Un leader mondial en mati\u00e8re de plaidoyer<\/em>&nbsp;<\/strong><\/p>\n<p>ORSA Canada a jou\u00e9 un r\u00f4le central dans la sensibilisation et la stimulation des efforts de recherche sur le syndrome de Rett. Nous collaborons \u00e9troitement avec les professionnels de sant\u00e9, les chercheurs et les familles pour garantir que les personnes touch\u00e9es par le syndrome de Rett re\u00e7oivent les meilleurs soins et soutiens possibles. &nbsp;<\/p>\n<p>En 2028, ORSA Canada accueillera le prestigieux 10e Congr\u00e8s mondial du syndrome de Rett \u00e0 Toronto, en Ontario, r\u00e9unissant des experts, des d\u00e9fenseurs et des familles du monde entier pour favoriser de nouvelles avanc\u00e9es dans le traitement et le soutien du syndrome de Rett.&nbsp;<\/p>\n<p><strong><em>Engagement communautaire et sensibilisation&nbsp;<\/em><\/strong><\/p>\n<p>ORSA Canada organise r\u00e9guli\u00e8rement des conf\u00e9rences familiales, rassemblant des personnes atteintes du syndrome de Rett, leurs familles, les soignants et les experts m\u00e9dicaux. Ces conf\u00e9rences offrent une plateforme pour partager les derni\u00e8res recherches, les avanc\u00e9es en mati\u00e8re de traitement et les strat\u00e9gies pratiques pour g\u00e9rer le syndrome de Rett. Elles favorisent \u00e9galement une communaut\u00e9 de soutien o\u00f9 les familles peuvent se connecter, apprendre et puiser de la force les unes des autres.  <\/p>\n<p>Gr\u00e2ce \u00e0 des initiatives telles que \u00ab Illuminer le Canada en violet \u00bb, ORSA Canada sensibilise en encourageant l&#8217;illumination de monuments \u00e0 travers le Canada en violet, la couleur officielle repr\u00e9sentant le syndrome de Rett. L&#8217;organisation utilise \u00e9galement des plateformes num\u00e9riques pour interagir avec la communaut\u00e9 et partager des ressources, garantissant ainsi que les familles et les individus re\u00e7oivent une \u00e9ducation et un soutien continus. <\/p>\t\t\t\t\t\t\t\t<\/div>\n\t\t\t\t<\/div>\n\t\t\t\t\t<\/div>\n\t\t\t\t<\/div>\n\t\t<div class=\"elementor-element elementor-element-9d1c7a3 e-flex e-con-boxed e-con e-parent\" data-id=\"9d1c7a3\" data-element_type=\"container\" data-e-type=\"container\" data-settings=\"{&quot;_ha_eqh_enable&quot;:false}\">\n\t\t\t\t\t<div class=\"e-con-inner\">\n\t\t\t\t<div class=\"elementor-element elementor-element-1fbaf3e elementor-widget elementor-widget-spacer\" data-id=\"1fbaf3e\" data-element_type=\"widget\" data-e-type=\"widget\" data-widget_type=\"spacer.default\">\n\t\t\t\t<div class=\"elementor-widget-container\">\n\t\t\t\t\t\t\t<div class=\"elementor-spacer\">\n\t\t\t<div class=\"elementor-spacer-inner\"><\/div>\n\t\t<\/div>\n\t\t\t\t\t\t<\/div>\n\t\t\t\t<\/div>\n\t\t\t\t\t<\/div>\n\t\t\t\t<\/div>\n\t\t\t\t<\/div>\n\t\t","protected":false},"excerpt":{"rendered":"<p>\u00c0 propos d&#8217;ORSA CANADA L&#8217;Association du syndrome de Rett de l&#8217;Ontario du Canada (ORSA Canada) est un organisme de bienfaisance \u00e0 but non lucratif g\u00e9r\u00e9 par des b\u00e9n\u00e9voles, d\u00e9di\u00e9 au soutien des parents, des soignants, des chercheurs, des professionnels de sant\u00e9 et d&#8217;autres parties prenantes. ORSA Canada fournit des ressources essentielles et du plaidoyer pour [&hellip;]<\/p>\n","protected":false},"author":1,"featured_media":0,"parent":0,"menu_order":0,"comment_status":"closed","ping_status":"closed","template":"","meta":{"footnotes":""},"class_list":["post-45449","page","type-page","status-publish","hentry"],"yoast_head":"<!-- This site is optimized with the Yoast SEO plugin v27.2 - https:\/\/yoast.com\/product\/yoast-seo-wordpress\/ -->\n<title>\u00c0 PROPOS D&#039;ORSA - Ontario Rett Syndrome Association<\/title>\n<meta name=\"robots\" content=\"index, follow, max-snippet:-1, max-image-preview:large, max-video-preview:-1\" \/>\n<link rel=\"canonical\" href=\"https:\/\/rett.ca\/fr\/a-propos-dorsa\/\" \/>\n<meta property=\"og:locale\" content=\"fr_FR\" \/>\n<meta property=\"og:type\" content=\"article\" \/>\n<meta property=\"og:title\" content=\"\u00c0 PROPOS D&#039;ORSA - Ontario Rett Syndrome Association\" \/>\n<meta property=\"og:description\" content=\"\u00c0 propos d&#8217;ORSA CANADA L&#8217;Association du syndrome de Rett de l&#8217;Ontario du Canada (ORSA Canada) est un organisme de bienfaisance \u00e0 but non lucratif g\u00e9r\u00e9 par des b\u00e9n\u00e9voles, d\u00e9di\u00e9 au soutien des parents, des soignants, des chercheurs, des professionnels de sant\u00e9 et d&#8217;autres parties prenantes. ORSA Canada fournit des ressources essentielles et du plaidoyer pour [&hellip;]\" \/>\n<meta property=\"og:url\" content=\"https:\/\/rett.ca\/fr\/a-propos-dorsa\/\" \/>\n<meta property=\"og:site_name\" content=\"Ontario Rett Syndrome Association\" \/>\n<meta property=\"article:publisher\" content=\"https:\/\/www.facebook.com\/OntarioRettSyndromeAssociation\" \/>\n<meta property=\"article:modified_time\" content=\"2025-09-19T01:31:50+00:00\" \/>\n<meta name=\"twitter:card\" content=\"summary_large_image\" \/>\n<meta name=\"twitter:site\" content=\"@OntarioRettSA\" \/>\n<meta name=\"twitter:label1\" content=\"Dur\u00e9e de lecture estim\u00e9e\" \/>\n\t<meta name=\"twitter:data1\" content=\"4 minutes\" \/>\n<script type=\"application\/ld+json\" class=\"yoast-schema-graph\">{\"@context\":\"https:\/\/schema.org\",\"@graph\":[{\"@type\":\"WebPage\",\"@id\":\"https:\/\/rett.ca\/fr\/a-propos-dorsa\/\",\"url\":\"https:\/\/rett.ca\/fr\/a-propos-dorsa\/\",\"name\":\"\u00c0 PROPOS D'ORSA - Ontario Rett Syndrome Association\",\"isPartOf\":{\"@id\":\"https:\/\/rett.ca\/fr\/#website\"},\"datePublished\":\"2025-03-01T09:43:01+00:00\",\"dateModified\":\"2025-09-19T01:31:50+00:00\",\"breadcrumb\":{\"@id\":\"https:\/\/rett.ca\/fr\/a-propos-dorsa\/#breadcrumb\"},\"inLanguage\":\"fr-FR\",\"potentialAction\":[{\"@type\":\"ReadAction\",\"target\":[\"https:\/\/rett.ca\/fr\/a-propos-dorsa\/\"]}]},{\"@type\":\"BreadcrumbList\",\"@id\":\"https:\/\/rett.ca\/fr\/a-propos-dorsa\/#breadcrumb\",\"itemListElement\":[{\"@type\":\"ListItem\",\"position\":1,\"name\":\"Home\",\"item\":\"https:\/\/rett.ca\/fr\/accueil\/\"},{\"@type\":\"ListItem\",\"position\":2,\"name\":\"\u00c0 PROPOS D&#8217;ORSA\"}]},{\"@type\":\"WebSite\",\"@id\":\"https:\/\/rett.ca\/fr\/#website\",\"url\":\"https:\/\/rett.ca\/fr\/\",\"name\":\"Ontario Rett Syndrome Association of Canada\",\"description\":\"\",\"publisher\":{\"@id\":\"https:\/\/rett.ca\/fr\/#organization\"},\"potentialAction\":[{\"@type\":\"SearchAction\",\"target\":{\"@type\":\"EntryPoint\",\"urlTemplate\":\"https:\/\/rett.ca\/fr\/?s={search_term_string}\"},\"query-input\":{\"@type\":\"PropertyValueSpecification\",\"valueRequired\":true,\"valueName\":\"search_term_string\"}}],\"inLanguage\":\"fr-FR\"},{\"@type\":\"Organization\",\"@id\":\"https:\/\/rett.ca\/fr\/#organization\",\"name\":\"Ontario Rett Syndrome Association of Canada\",\"url\":\"https:\/\/rett.ca\/fr\/\",\"logo\":{\"@type\":\"ImageObject\",\"inLanguage\":\"fr-FR\",\"@id\":\"https:\/\/rett.ca\/fr\/#\/schema\/logo\/image\/\",\"url\":\"https:\/\/rett.ca\/wp-content\/uploads\/ORSA_35Years_Colour-scaled.png\",\"contentUrl\":\"https:\/\/rett.ca\/wp-content\/uploads\/ORSA_35Years_Colour-scaled.png\",\"width\":2560,\"height\":1340,\"caption\":\"Ontario Rett Syndrome Association of Canada\"},\"image\":{\"@id\":\"https:\/\/rett.ca\/fr\/#\/schema\/logo\/image\/\"},\"sameAs\":[\"https:\/\/www.facebook.com\/OntarioRettSyndromeAssociation\",\"https:\/\/x.com\/OntarioRettSA\",\"https:\/\/www.instagram.com\/ontrettsyndromeassociation\/\",\"https:\/\/www.linkedin.com\/company\/ontario-rett-syndrome-association\",\"http:\/\/www.youtube.com\/@ORSAofficial\"]}]}<\/script>\n<!-- \/ Yoast SEO plugin. -->","yoast_head_json":{"title":"\u00c0 PROPOS D'ORSA - Ontario Rett Syndrome Association","robots":{"index":"index","follow":"follow","max-snippet":"max-snippet:-1","max-image-preview":"max-image-preview:large","max-video-preview":"max-video-preview:-1"},"canonical":"https:\/\/rett.ca\/fr\/a-propos-dorsa\/","og_locale":"fr_FR","og_type":"article","og_title":"\u00c0 PROPOS D'ORSA - Ontario Rett Syndrome Association","og_description":"\u00c0 propos d&#8217;ORSA CANADA L&#8217;Association du syndrome de Rett de l&#8217;Ontario du Canada (ORSA Canada) est un organisme de bienfaisance \u00e0 but non lucratif g\u00e9r\u00e9 par des b\u00e9n\u00e9voles, d\u00e9di\u00e9 au soutien des parents, des soignants, des chercheurs, des professionnels de sant\u00e9 et d&#8217;autres parties prenantes. ORSA Canada fournit des ressources essentielles et du plaidoyer pour [&hellip;]","og_url":"https:\/\/rett.ca\/fr\/a-propos-dorsa\/","og_site_name":"Ontario Rett Syndrome Association","article_publisher":"https:\/\/www.facebook.com\/OntarioRettSyndromeAssociation","article_modified_time":"2025-09-19T01:31:50+00:00","twitter_card":"summary_large_image","twitter_site":"@OntarioRettSA","twitter_misc":{"Dur\u00e9e de lecture estim\u00e9e":"4 minutes"},"schema":{"@context":"https:\/\/schema.org","@graph":[{"@type":"WebPage","@id":"https:\/\/rett.ca\/fr\/a-propos-dorsa\/","url":"https:\/\/rett.ca\/fr\/a-propos-dorsa\/","name":"\u00c0 PROPOS D'ORSA - Ontario Rett Syndrome Association","isPartOf":{"@id":"https:\/\/rett.ca\/fr\/#website"},"datePublished":"2025-03-01T09:43:01+00:00","dateModified":"2025-09-19T01:31:50+00:00","breadcrumb":{"@id":"https:\/\/rett.ca\/fr\/a-propos-dorsa\/#breadcrumb"},"inLanguage":"fr-FR","potentialAction":[{"@type":"ReadAction","target":["https:\/\/rett.ca\/fr\/a-propos-dorsa\/"]}]},{"@type":"BreadcrumbList","@id":"https:\/\/rett.ca\/fr\/a-propos-dorsa\/#breadcrumb","itemListElement":[{"@type":"ListItem","position":1,"name":"Home","item":"https:\/\/rett.ca\/fr\/accueil\/"},{"@type":"ListItem","position":2,"name":"\u00c0 PROPOS D&#8217;ORSA"}]},{"@type":"WebSite","@id":"https:\/\/rett.ca\/fr\/#website","url":"https:\/\/rett.ca\/fr\/","name":"Ontario Rett Syndrome Association of Canada","description":"","publisher":{"@id":"https:\/\/rett.ca\/fr\/#organization"},"potentialAction":[{"@type":"SearchAction","target":{"@type":"EntryPoint","urlTemplate":"https:\/\/rett.ca\/fr\/?s={search_term_string}"},"query-input":{"@type":"PropertyValueSpecification","valueRequired":true,"valueName":"search_term_string"}}],"inLanguage":"fr-FR"},{"@type":"Organization","@id":"https:\/\/rett.ca\/fr\/#organization","name":"Ontario Rett Syndrome Association of Canada","url":"https:\/\/rett.ca\/fr\/","logo":{"@type":"ImageObject","inLanguage":"fr-FR","@id":"https:\/\/rett.ca\/fr\/#\/schema\/logo\/image\/","url":"https:\/\/rett.ca\/wp-content\/uploads\/ORSA_35Years_Colour-scaled.png","contentUrl":"https:\/\/rett.ca\/wp-content\/uploads\/ORSA_35Years_Colour-scaled.png","width":2560,"height":1340,"caption":"Ontario Rett Syndrome Association of Canada"},"image":{"@id":"https:\/\/rett.ca\/fr\/#\/schema\/logo\/image\/"},"sameAs":["https:\/\/www.facebook.com\/OntarioRettSyndromeAssociation","https:\/\/x.com\/OntarioRettSA","https:\/\/www.instagram.com\/ontrettsyndromeassociation\/","https:\/\/www.linkedin.com\/company\/ontario-rett-syndrome-association","http:\/\/www.youtube.com\/@ORSAofficial"]}]}},"jetpack_sharing_enabled":true,"publishpress_future_action":{"enabled":false,"date":"2026-05-23 18:51:24","action":"change-status","newStatus":"draft","terms":[],"taxonomy":"translation_priority","extraData":[]},"publishpress_future_workflow_manual_trigger":{"enabledWorkflows":[]},"_links":{"self":[{"href":"https:\/\/rett.ca\/fr\/wp-json\/wp\/v2\/pages\/45449","targetHints":{"allow":["GET"]}}],"collection":[{"href":"https:\/\/rett.ca\/fr\/wp-json\/wp\/v2\/pages"}],"about":[{"href":"https:\/\/rett.ca\/fr\/wp-json\/wp\/v2\/types\/page"}],"author":[{"embeddable":true,"href":"https:\/\/rett.ca\/fr\/wp-json\/wp\/v2\/users\/1"}],"replies":[{"embeddable":true,"href":"https:\/\/rett.ca\/fr\/wp-json\/wp\/v2\/comments?post=45449"}],"version-history":[{"count":1,"href":"https:\/\/rett.ca\/fr\/wp-json\/wp\/v2\/pages\/45449\/revisions"}],"predecessor-version":[{"id":45450,"href":"https:\/\/rett.ca\/fr\/wp-json\/wp\/v2\/pages\/45449\/revisions\/45450"}],"wp:attachment":[{"href":"https:\/\/rett.ca\/fr\/wp-json\/wp\/v2\/media?parent=45449"}],"curies":[{"name":"wp","href":"https:\/\/api.w.org\/{rel}","templated":true}]}}