{"id":45388,"date":"2025-08-24T08:12:17","date_gmt":"2025-08-24T12:12:17","guid":{"rendered":"https:\/\/rett.ca\/assemblees-generales-annuelles\/"},"modified":"2025-09-18T21:29:42","modified_gmt":"2025-09-19T01:29:42","slug":"assemblees-generales-annuelles","status":"publish","type":"page","link":"https:\/\/rett.ca\/fr\/assemblees-generales-annuelles\/","title":{"rendered":"Assembl\u00e9es g\u00e9n\u00e9rales annuelles"},"content":{"rendered":"\t\t<div data-elementor-type=\"wp-page\" data-elementor-id=\"45388\" class=\"elementor elementor-45388 elementor-44867\" data-elementor-settings=\"{&quot;ha_cmc_init_switcher&quot;:&quot;no&quot;}\" data-elementor-post-type=\"page\">\n\t\t\t\t<div class=\"elementor-element elementor-element-be22c93 e-flex e-con-boxed e-con e-parent\" data-id=\"be22c93\" data-element_type=\"container\" data-e-type=\"container\" data-settings=\"{&quot;_ha_eqh_enable&quot;:false}\">\n\t\t\t\t\t<div class=\"e-con-inner\">\n\t\t\t\t<div class=\"elementor-element elementor-element-66bc8f6 elementor-widget elementor-widget-spacer\" data-id=\"66bc8f6\" data-element_type=\"widget\" data-e-type=\"widget\" data-widget_type=\"spacer.default\">\n\t\t\t\t<div class=\"elementor-widget-container\">\n\t\t\t\t\t\t\t<div class=\"elementor-spacer\">\n\t\t\t<div class=\"elementor-spacer-inner\"><\/div>\n\t\t<\/div>\n\t\t\t\t\t\t<\/div>\n\t\t\t\t<\/div>\n\t\t\t\t\t<\/div>\n\t\t\t\t<\/div>\n\t\t<div class=\"elementor-element elementor-element-f705f7f e-flex e-con-boxed e-con e-parent\" data-id=\"f705f7f\" data-element_type=\"container\" data-e-type=\"container\" data-settings=\"{&quot;_ha_eqh_enable&quot;:false}\">\n\t\t\t\t\t<div class=\"e-con-inner\">\n\t\t\t\t<div class=\"elementor-element elementor-element-7f987dd elementor-widget elementor-widget-heading\" data-id=\"7f987dd\" data-element_type=\"widget\" data-e-type=\"widget\" data-widget_type=\"heading.default\">\n\t\t\t\t<div class=\"elementor-widget-container\">\n\t\t\t\t\t<h2 class=\"elementor-heading-title elementor-size-default\">ASSEMBL\u00c9ES G\u00c9N\u00c9RALES ANNUELLES<\/h2>\t\t\t\t<\/div>\n\t\t\t\t<\/div>\n\t\t\t\t\t<\/div>\n\t\t\t\t<\/div>\n\t\t<div class=\"elementor-element elementor-element-690c81e e-flex e-con-boxed e-con e-parent\" data-id=\"690c81e\" data-element_type=\"container\" data-e-type=\"container\" data-settings=\"{&quot;_ha_eqh_enable&quot;:false}\">\n\t\t\t\t\t<div class=\"e-con-inner\">\n\t\t\t\t<div class=\"elementor-element elementor-element-a25b83c elementor-widget elementor-widget-text-editor\" data-id=\"a25b83c\" data-element_type=\"widget\" data-e-type=\"widget\" data-widget_type=\"text-editor.default\">\n\t\t\t\t<div class=\"elementor-widget-container\">\n\t\t\t\t\t\t\t\t\t<p data-start=\"97\" data-end=\"473\">Une <strong data-start=\"100\" data-end=\"132\">Assembl\u00e9e G\u00e9n\u00e9rale Annuelle (AGA)<\/strong> est une r\u00e9union annuelle obligatoire pour les organisations \u00e0 but non lucratif. Elle offre une opportunit\u00e9 importante aux membres et au conseil d&#8217;administration de se r\u00e9unir et d&#8217;examiner les activit\u00e9s et les \u00e9tats financiers de l&#8217;organisation de l&#8217;ann\u00e9e \u00e9coul\u00e9e. L&#8217;AGA assure la transparence, la responsabilit\u00e9 et l&#8217;implication des membres dans le processus de prise de d\u00e9cision.<\/p><p data-start=\"475\" data-end=\"508\">Les objectifs principaux d&#8217;une AGA comprennent :<\/p><ul data-start=\"509\" data-end=\"788\"><li data-start=\"509\" data-end=\"581\"><p data-start=\"511\" data-end=\"581\">La pr\u00e9sentation des rapports sur les r\u00e9alisations de l&#8217;ann\u00e9e et la situation financi\u00e8re<\/p><\/li><li data-start=\"582\" data-end=\"643\"><p data-start=\"584\" data-end=\"643\">L&#8217;\u00e9lection ou la r\u00e9\u00e9lection des membres du conseil d&#8217;administration<\/p><\/li><li data-start=\"644\" data-end=\"702\"><p data-start=\"646\" data-end=\"702\">La discussion des plans, des objectifs et des priorit\u00e9s pour l&#8217;avenir<\/p><\/li><li data-start=\"703\" data-end=\"788\"><p data-start=\"705\" data-end=\"788\">L&#8217;offre aux membres de la possibilit\u00e9 de poser des questions et d&#8217;interagir directement avec la direction<\/p><\/li><\/ul><p data-start=\"790\" data-end=\"1005\"><strong data-start=\"790\" data-end=\"859\">ORSA Canada organise son AGA chaque ann\u00e9e entre ao\u00fbt et septembre.<\/strong> Cette r\u00e9union permet aux membres de rester inform\u00e9s, de contribuer \u00e0 des discussions importantes et de jouer un r\u00f4le dans l&#8217;orientation de l&#8217;association.<\/p>\t\t\t\t\t\t\t\t<\/div>\n\t\t\t\t<\/div>\n\t\t\t\t\t<\/div>\n\t\t\t\t<\/div>\n\t\t\t\t<\/div>\n\t\t","protected":false},"excerpt":{"rendered":"<p>ASSEMBL\u00c9ES G\u00c9N\u00c9RALES ANNUELLES Une Assembl\u00e9e G\u00e9n\u00e9rale Annuelle (AGA) est une r\u00e9union annuelle obligatoire pour les organisations \u00e0 but non lucratif. Elle offre une opportunit\u00e9 importante aux membres et au conseil d&#8217;administration de se r\u00e9unir et d&#8217;examiner les activit\u00e9s et les \u00e9tats financiers de l&#8217;organisation de l&#8217;ann\u00e9e \u00e9coul\u00e9e. L&#8217;AGA assure la transparence, la responsabilit\u00e9 et l&#8217;implication [&hellip;]<\/p>\n","protected":false},"author":1,"featured_media":0,"parent":0,"menu_order":0,"comment_status":"closed","ping_status":"closed","template":"","meta":{"footnotes":""},"class_list":["post-45388","page","type-page","status-publish","hentry"],"yoast_head":"<!-- This site is optimized with the Yoast SEO plugin v27.2 - https:\/\/yoast.com\/product\/yoast-seo-wordpress\/ -->\n<title>Assembl\u00e9es g\u00e9n\u00e9rales annuelles - Ontario Rett Syndrome Association<\/title>\n<meta name=\"robots\" content=\"index, follow, max-snippet:-1, max-image-preview:large, max-video-preview:-1\" \/>\n<link rel=\"canonical\" href=\"https:\/\/rett.ca\/fr\/assemblees-generales-annuelles\/\" \/>\n<meta property=\"og:locale\" content=\"fr_FR\" \/>\n<meta property=\"og:type\" content=\"article\" \/>\n<meta property=\"og:title\" content=\"Assembl\u00e9es g\u00e9n\u00e9rales annuelles - Ontario Rett Syndrome Association\" \/>\n<meta property=\"og:description\" content=\"ASSEMBL\u00c9ES G\u00c9N\u00c9RALES ANNUELLES Une Assembl\u00e9e G\u00e9n\u00e9rale Annuelle (AGA) est une r\u00e9union annuelle obligatoire pour les organisations \u00e0 but non lucratif. Elle offre une opportunit\u00e9 importante aux membres et au conseil d&#8217;administration de se r\u00e9unir et d&#8217;examiner les activit\u00e9s et les \u00e9tats financiers de l&#8217;organisation de l&#8217;ann\u00e9e \u00e9coul\u00e9e. L&#8217;AGA assure la transparence, la responsabilit\u00e9 et l&#8217;implication [&hellip;]\" \/>\n<meta property=\"og:url\" content=\"https:\/\/rett.ca\/fr\/assemblees-generales-annuelles\/\" \/>\n<meta property=\"og:site_name\" content=\"Ontario Rett Syndrome Association\" \/>\n<meta property=\"article:publisher\" content=\"https:\/\/www.facebook.com\/OntarioRettSyndromeAssociation\" \/>\n<meta property=\"article:modified_time\" content=\"2025-09-19T01:29:42+00:00\" \/>\n<meta name=\"twitter:card\" content=\"summary_large_image\" \/>\n<meta name=\"twitter:site\" content=\"@OntarioRettSA\" \/>\n<meta name=\"twitter:label1\" content=\"Dur\u00e9e de lecture estim\u00e9e\" \/>\n\t<meta name=\"twitter:data1\" content=\"1 minute\" \/>\n<script type=\"application\/ld+json\" class=\"yoast-schema-graph\">{\"@context\":\"https:\/\/schema.org\",\"@graph\":[{\"@type\":\"WebPage\",\"@id\":\"https:\/\/rett.ca\/fr\/assemblees-generales-annuelles\/\",\"url\":\"https:\/\/rett.ca\/fr\/assemblees-generales-annuelles\/\",\"name\":\"Assembl\u00e9es g\u00e9n\u00e9rales annuelles - Ontario Rett Syndrome Association\",\"isPartOf\":{\"@id\":\"https:\/\/rett.ca\/fr\/#website\"},\"datePublished\":\"2025-08-24T12:12:17+00:00\",\"dateModified\":\"2025-09-19T01:29:42+00:00\",\"breadcrumb\":{\"@id\":\"https:\/\/rett.ca\/fr\/assemblees-generales-annuelles\/#breadcrumb\"},\"inLanguage\":\"fr-FR\",\"potentialAction\":[{\"@type\":\"ReadAction\",\"target\":[\"https:\/\/rett.ca\/fr\/assemblees-generales-annuelles\/\"]}]},{\"@type\":\"BreadcrumbList\",\"@id\":\"https:\/\/rett.ca\/fr\/assemblees-generales-annuelles\/#breadcrumb\",\"itemListElement\":[{\"@type\":\"ListItem\",\"position\":1,\"name\":\"Home\",\"item\":\"https:\/\/rett.ca\/fr\/accueil\/\"},{\"@type\":\"ListItem\",\"position\":2,\"name\":\"Assembl\u00e9es g\u00e9n\u00e9rales annuelles\"}]},{\"@type\":\"WebSite\",\"@id\":\"https:\/\/rett.ca\/fr\/#website\",\"url\":\"https:\/\/rett.ca\/fr\/\",\"name\":\"Ontario Rett Syndrome Association of Canada\",\"description\":\"\",\"publisher\":{\"@id\":\"https:\/\/rett.ca\/fr\/#organization\"},\"potentialAction\":[{\"@type\":\"SearchAction\",\"target\":{\"@type\":\"EntryPoint\",\"urlTemplate\":\"https:\/\/rett.ca\/fr\/?s={search_term_string}\"},\"query-input\":{\"@type\":\"PropertyValueSpecification\",\"valueRequired\":true,\"valueName\":\"search_term_string\"}}],\"inLanguage\":\"fr-FR\"},{\"@type\":\"Organization\",\"@id\":\"https:\/\/rett.ca\/fr\/#organization\",\"name\":\"Ontario Rett Syndrome Association of Canada\",\"url\":\"https:\/\/rett.ca\/fr\/\",\"logo\":{\"@type\":\"ImageObject\",\"inLanguage\":\"fr-FR\",\"@id\":\"https:\/\/rett.ca\/fr\/#\/schema\/logo\/image\/\",\"url\":\"https:\/\/rett.ca\/wp-content\/uploads\/ORSA_35Years_Colour-scaled.png\",\"contentUrl\":\"https:\/\/rett.ca\/wp-content\/uploads\/ORSA_35Years_Colour-scaled.png\",\"width\":2560,\"height\":1340,\"caption\":\"Ontario Rett Syndrome Association of Canada\"},\"image\":{\"@id\":\"https:\/\/rett.ca\/fr\/#\/schema\/logo\/image\/\"},\"sameAs\":[\"https:\/\/www.facebook.com\/OntarioRettSyndromeAssociation\",\"https:\/\/x.com\/OntarioRettSA\",\"https:\/\/www.instagram.com\/ontrettsyndromeassociation\/\",\"https:\/\/www.linkedin.com\/company\/ontario-rett-syndrome-association\",\"http:\/\/www.youtube.com\/@ORSAofficial\"]}]}<\/script>\n<!-- \/ Yoast SEO plugin. -->","yoast_head_json":{"title":"Assembl\u00e9es g\u00e9n\u00e9rales annuelles - Ontario Rett Syndrome Association","robots":{"index":"index","follow":"follow","max-snippet":"max-snippet:-1","max-image-preview":"max-image-preview:large","max-video-preview":"max-video-preview:-1"},"canonical":"https:\/\/rett.ca\/fr\/assemblees-generales-annuelles\/","og_locale":"fr_FR","og_type":"article","og_title":"Assembl\u00e9es g\u00e9n\u00e9rales annuelles - Ontario Rett Syndrome Association","og_description":"ASSEMBL\u00c9ES G\u00c9N\u00c9RALES ANNUELLES Une Assembl\u00e9e G\u00e9n\u00e9rale Annuelle (AGA) est une r\u00e9union annuelle obligatoire pour les organisations \u00e0 but non lucratif. Elle offre une opportunit\u00e9 importante aux membres et au conseil d&#8217;administration de se r\u00e9unir et d&#8217;examiner les activit\u00e9s et les \u00e9tats financiers de l&#8217;organisation de l&#8217;ann\u00e9e \u00e9coul\u00e9e. L&#8217;AGA assure la transparence, la responsabilit\u00e9 et l&#8217;implication [&hellip;]","og_url":"https:\/\/rett.ca\/fr\/assemblees-generales-annuelles\/","og_site_name":"Ontario Rett Syndrome Association","article_publisher":"https:\/\/www.facebook.com\/OntarioRettSyndromeAssociation","article_modified_time":"2025-09-19T01:29:42+00:00","twitter_card":"summary_large_image","twitter_site":"@OntarioRettSA","twitter_misc":{"Dur\u00e9e de lecture estim\u00e9e":"1 minute"},"schema":{"@context":"https:\/\/schema.org","@graph":[{"@type":"WebPage","@id":"https:\/\/rett.ca\/fr\/assemblees-generales-annuelles\/","url":"https:\/\/rett.ca\/fr\/assemblees-generales-annuelles\/","name":"Assembl\u00e9es g\u00e9n\u00e9rales annuelles - Ontario Rett Syndrome Association","isPartOf":{"@id":"https:\/\/rett.ca\/fr\/#website"},"datePublished":"2025-08-24T12:12:17+00:00","dateModified":"2025-09-19T01:29:42+00:00","breadcrumb":{"@id":"https:\/\/rett.ca\/fr\/assemblees-generales-annuelles\/#breadcrumb"},"inLanguage":"fr-FR","potentialAction":[{"@type":"ReadAction","target":["https:\/\/rett.ca\/fr\/assemblees-generales-annuelles\/"]}]},{"@type":"BreadcrumbList","@id":"https:\/\/rett.ca\/fr\/assemblees-generales-annuelles\/#breadcrumb","itemListElement":[{"@type":"ListItem","position":1,"name":"Home","item":"https:\/\/rett.ca\/fr\/accueil\/"},{"@type":"ListItem","position":2,"name":"Assembl\u00e9es g\u00e9n\u00e9rales annuelles"}]},{"@type":"WebSite","@id":"https:\/\/rett.ca\/fr\/#website","url":"https:\/\/rett.ca\/fr\/","name":"Ontario Rett Syndrome Association of Canada","description":"","publisher":{"@id":"https:\/\/rett.ca\/fr\/#organization"},"potentialAction":[{"@type":"SearchAction","target":{"@type":"EntryPoint","urlTemplate":"https:\/\/rett.ca\/fr\/?s={search_term_string}"},"query-input":{"@type":"PropertyValueSpecification","valueRequired":true,"valueName":"search_term_string"}}],"inLanguage":"fr-FR"},{"@type":"Organization","@id":"https:\/\/rett.ca\/fr\/#organization","name":"Ontario Rett Syndrome Association of Canada","url":"https:\/\/rett.ca\/fr\/","logo":{"@type":"ImageObject","inLanguage":"fr-FR","@id":"https:\/\/rett.ca\/fr\/#\/schema\/logo\/image\/","url":"https:\/\/rett.ca\/wp-content\/uploads\/ORSA_35Years_Colour-scaled.png","contentUrl":"https:\/\/rett.ca\/wp-content\/uploads\/ORSA_35Years_Colour-scaled.png","width":2560,"height":1340,"caption":"Ontario Rett Syndrome Association of Canada"},"image":{"@id":"https:\/\/rett.ca\/fr\/#\/schema\/logo\/image\/"},"sameAs":["https:\/\/www.facebook.com\/OntarioRettSyndromeAssociation","https:\/\/x.com\/OntarioRettSA","https:\/\/www.instagram.com\/ontrettsyndromeassociation\/","https:\/\/www.linkedin.com\/company\/ontario-rett-syndrome-association","http:\/\/www.youtube.com\/@ORSAofficial"]}]}},"jetpack_sharing_enabled":true,"publishpress_future_action":{"enabled":false,"date":"2026-04-14 05:50:51","action":"change-status","newStatus":"draft","terms":[],"taxonomy":"translation_priority","extraData":[]},"publishpress_future_workflow_manual_trigger":{"enabledWorkflows":[]},"_links":{"self":[{"href":"https:\/\/rett.ca\/fr\/wp-json\/wp\/v2\/pages\/45388","targetHints":{"allow":["GET"]}}],"collection":[{"href":"https:\/\/rett.ca\/fr\/wp-json\/wp\/v2\/pages"}],"about":[{"href":"https:\/\/rett.ca\/fr\/wp-json\/wp\/v2\/types\/page"}],"author":[{"embeddable":true,"href":"https:\/\/rett.ca\/fr\/wp-json\/wp\/v2\/users\/1"}],"replies":[{"embeddable":true,"href":"https:\/\/rett.ca\/fr\/wp-json\/wp\/v2\/comments?post=45388"}],"version-history":[{"count":1,"href":"https:\/\/rett.ca\/fr\/wp-json\/wp\/v2\/pages\/45388\/revisions"}],"predecessor-version":[{"id":45389,"href":"https:\/\/rett.ca\/fr\/wp-json\/wp\/v2\/pages\/45388\/revisions\/45389"}],"wp:attachment":[{"href":"https:\/\/rett.ca\/fr\/wp-json\/wp\/v2\/media?parent=45388"}],"curies":[{"name":"wp","href":"https:\/\/api.w.org\/{rel}","templated":true}]}}